
{"id":1663,"date":"2018-10-19T11:57:34","date_gmt":"2018-10-19T11:57:34","guid":{"rendered":"http:\/\/vadas.22media.sk\/?page_id=1663"},"modified":"2018-10-22T12:57:00","modified_gmt":"2018-10-22T12:57:00","slug":"nyitvatartas-es-arjegyzek","status":"publish","type":"page","link":"https:\/\/www.vadasthermal.sk\/hu\/thermal-wellnesshotel\/wellnesskozpont\/nyitvatartas-es-arjegyzek\/","title":{"rendered":"Nyitvatart\u00e1s \u00e9s \u00e1rjegyz\u00e9k"},"content":{"rendered":"<table style=\"width: 100%;\">\n<tbody>\n<tr style=\"background-color: #008ba1;\">\n<td><span style=\"color: #ffffff;\">Nyitvatart\u00e1si id\u0151<\/span><\/td>\n<td>\n<p style=\"text-align: center;\"><span style=\"color: #ffffff;\">Naponta<\/span><\/p>\n<\/td>\n<\/tr>\n<tr>\n<td style=\"width: 60%;\">A Thermal*** wellnesshotel sz\u00e1ll\u00f3vend\u00e9geinek<\/td>\n<td>\n<p style=\"text-align: center;\">10:00 &#8211; 21:00*<\/p>\n<\/td>\n<\/tr>\n<tr style=\"background-color: #c6c6c6;\">\n<td>K\u00fcls\u0151s vend\u00e9geknek<\/td>\n<td>\n<p style=\"text-align: center;\">12:00 &#8211; 21:00<\/p>\n<\/td>\n<\/tr>\n<\/tbody>\n<\/table>\n<p>* H\u00e9tf\u0151 kiv\u00e9tel\u00e9vel, amely napon a wellnessk\u00f6zpont sz\u00e1ll\u00f3vend\u00e9geinknek is 12 \u00f3r\u00e1t\u00f3l tart nyitva.<br \/>\nFenntartjuk a nyitvatart\u00e1si id\u0151 m\u00f3dos\u00edt\u00e1s\u00e1nak jog\u00e1t.<\/p>\n<table style=\"width: 100%;\">\n<tbody>\n<tr style=\"background-color: #008ba1;\">\n<td><span style=\"color: #ffffff;\">\u00c1rjegyz\u00e9k k\u00fcls\u0151s vend\u00e9geknek (a Thermal hotel sz\u00e1ll\u00f3vend\u00e9gein k\u00edv\u00fcl)<\/span><\/td>\n<td style=\"text-align: center;\"><span style=\"color: #ffffff;\">3 \u00f3r\u00e1s bel\u00e9p\u00e9s<\/span><\/td>\n<td style=\"text-align: center;\"><span style=\"color: #ffffff;\">Eg\u00e9sz napos bel\u00e9p\u00e9s<\/span><\/td>\n<\/tr>\n<tr>\n<td style=\"width: 60%;\">Feln\u0151tt<\/td>\n<td style=\"text-align: center;\">10 \u20ac<\/td>\n<td style=\"text-align: center;\">12 \u20ac<\/td>\n<\/tr>\n<tr style=\"background-color: #e6e6e6;\">\n<td>Gyerek (4-15 \u00e9ves)<\/td>\n<td style=\"text-align: center;\">5 \u20ac<\/td>\n<td style=\"text-align: center;\">6 \u20ac<\/td>\n<\/tr>\n<tr>\n<td>Szenior (60 \u00e9v felett)<\/td>\n<td style=\"text-align: center;\">8 \u20ac<\/td>\n<td style=\"text-align: center;\">9 \u20ac<\/td>\n<\/tr>\n<tr style=\"background-color: #e6e6e6;\">\n<td>Mozg\u00e1skorl\u00e1tozott igazolv\u00e1nnyal rendelkez\u0151k, mozg\u00e1s\u00e1ban s\u00falyosan korl\u00e1tozott vend\u00e9gek \u00e9s k\u00eds\u00e9r\u0151ik<\/td>\n<td style=\"text-align: center;\">5 \u20ac<\/td>\n<td style=\"text-align: center;\">6 \u20ac<\/td>\n<\/tr>\n<tr>\n<td>Mozg\u00e1skorl\u00e1tozott igazolv\u00e1nnyal rendelekez\u0151 gyerekek (4-15 \u00e9ves korig)<\/td>\n<td style=\"text-align: center;\">2 \u20ac<\/td>\n<td style=\"text-align: center;\">2,50 \u20ac<\/td>\n<\/tr>\n<tr style=\"background-color: #e6e6e6;\">\n<td>3 \u00f3r\u00e1s bel\u00e9p\u00e9s eset\u00e9n minden tov\u00e1bbi megkezdett \u00f3ra<\/td>\n<td style=\"text-align: center;\">1 \u20ac<\/td>\n<td><\/td>\n<\/tr>\n<tr>\n<td style=\"text-align: left;\">B\u00e9rlet (42 pont, 5% kedvezm\u00e9ny)**<\/td>\n<td>\n<p style=\"text-align: center;\">40,00 \u20ac<\/p>\n<\/td>\n<td><\/td>\n<\/tr>\n<tr style=\"background-color: #e6e6e6;\">\n<td style=\"text-align: left;\">B\u00e9rlet (84 pont, 10% kedvezm\u00e9ny)**<\/td>\n<td>\n<p style=\"text-align: center;\">76,00 \u20ac<\/p>\n<\/td>\n<td><\/td>\n<\/tr>\n<tr>\n<td style=\"text-align: left;\">B\u00e9rlet (168 pont, 20% kedvezm\u00e9ny)**<\/td>\n<td>\n<p style=\"text-align: center;\">135,00 \u20ac<\/p>\n<\/td>\n<td><\/td>\n<\/tr>\n<\/tbody>\n<\/table>\n<p>** A b\u00e9rletek a fedett uszod\u00e1ban, a k\u00fclt\u00e9ri medenc\u00e9kn\u00e9l (term\u00e1lf\u00fcrd\u0151ben) \u00e9s a wellnessk\u00f6zpontban is \u00e9rv\u00e9nyesek. Megv\u00e1s\u00e1rl\u00e1sukkal a lista\u00e1rakb\u00f3l mintegy 5-20%-os megtakar\u00edt\u00e1s \u00e9rhet\u0151 el (a b\u00e9rlet \u00e9s az adott jegyt\u00edpus f\u00fcggv\u00e9ny\u00e9ben) A b\u00e9rletek pontokkal vannak felt\u00f6ltve, melyekb\u0151l bel\u00e9p\u00e9skor a jegyt\u00edpusnak megfelel\u0151 pontsz\u00e1mot vonunk le (pl. feln\u0151tt bel\u00e9p\u00e9s 3 \u00f3r\u00e1ra 10 pont, gyerekeknek 5 pont. stb. A b\u00e9rletek a megv\u00e1lt\u00e1s napj\u00e1t\u00f3l 200 napig \u00e9rv\u00e9nyesek.<\/p>\n<p>A bel\u00e9p\u0151jegy a medenc\u00e9k, a jacuzzi, a szaun\u00e1k, az \u00e9lm\u00e9nyzuhanyok \u00e9s a s\u00f3kabin haszn\u00e1lat\u00e1ra jogos\u00edt a bel\u00e9p\u0151jegy \u00e9rv\u00e9nyess\u00e9gi idej\u00e9n bel\u00fcl.<br \/>\nAz \u00e1rjegyz\u00e9k 2018. febru\u00e1r 1. \u00e9s december 31. k\u00f6zt \u00e9rv\u00e9nyes. Fenntartjuk az \u00e1rv\u00e1ltoz\u00e1s jog\u00e1t.<\/p>\n","protected":false},"excerpt":{"rendered":"<p>Nyitvatart\u00e1si id\u0151 Naponta A Thermal*** wellnesshotel sz\u00e1ll\u00f3vend\u00e9geinek 10:00 &#8211; 21:00* K\u00fcls\u0151s vend\u00e9geknek 12:00 &#8211; 21:00 * H\u00e9tf\u0151 kiv\u00e9tel\u00e9vel, amely napon a wellnessk\u00f6zpont sz\u00e1ll\u00f3vend\u00e9geinknek is 12 \u00f3r\u00e1t\u00f3l tart nyitva. Fenntartjuk a nyitvatart\u00e1si id\u0151 m\u00f3dos\u00edt\u00e1s\u00e1nak jog\u00e1t. \u00c1rjegyz\u00e9k k\u00fcls\u0151s vend\u00e9geknek (a Thermal hotel sz\u00e1ll\u00f3vend\u00e9gein k\u00edv\u00fcl) 3 \u00f3r\u00e1s bel\u00e9p\u00e9s Eg\u00e9sz napos bel\u00e9p\u00e9s Feln\u0151tt 10 \u20ac 12 \u20ac Gyerek (4-15 [&hellip;]<\/p>\n","protected":false},"author":1,"featured_media":1565,"parent":1593,"menu_order":0,"comment_status":"closed","ping_status":"closed","template":"","meta":{"footnotes":""},"tags":[],"class_list":["post-1663","page","type-page","status-publish","has-post-thumbnail","hentry"],"_links":{"self":[{"href":"https:\/\/www.vadasthermal.sk\/hu\/wp-json\/wp\/v2\/pages\/1663","targetHints":{"allow":["GET"]}}],"collection":[{"href":"https:\/\/www.vadasthermal.sk\/hu\/wp-json\/wp\/v2\/pages"}],"about":[{"href":"https:\/\/www.vadasthermal.sk\/hu\/wp-json\/wp\/v2\/types\/page"}],"author":[{"embeddable":true,"href":"https:\/\/www.vadasthermal.sk\/hu\/wp-json\/wp\/v2\/users\/1"}],"replies":[{"embeddable":true,"href":"https:\/\/www.vadasthermal.sk\/hu\/wp-json\/wp\/v2\/comments?post=1663"}],"version-history":[{"count":0,"href":"https:\/\/www.vadasthermal.sk\/hu\/wp-json\/wp\/v2\/pages\/1663\/revisions"}],"up":[{"embeddable":true,"href":"https:\/\/www.vadasthermal.sk\/hu\/wp-json\/wp\/v2\/pages\/1593"}],"wp:featuredmedia":[{"embeddable":true,"href":"https:\/\/www.vadasthermal.sk\/hu\/wp-json\/wp\/v2\/media\/1565"}],"wp:attachment":[{"href":"https:\/\/www.vadasthermal.sk\/hu\/wp-json\/wp\/v2\/media?parent=1663"}],"wp:term":[{"taxonomy":"post_tag","embeddable":true,"href":"https:\/\/www.vadasthermal.sk\/hu\/wp-json\/wp\/v2\/tags?post=1663"}],"curies":[{"name":"wp","href":"https:\/\/api.w.org\/{rel}","templated":true}]}}