
{"id":2188,"date":"2018-10-24T10:10:22","date_gmt":"2018-10-24T10:10:22","guid":{"rendered":"http:\/\/vadas.22media.sk\/?page_id=2188"},"modified":"2024-05-30T13:52:26","modified_gmt":"2024-05-30T13:52:26","slug":"a-recepciok-nyitvatartasa","status":"publish","type":"page","link":"https:\/\/www.vadasthermal.sk\/hu\/a-recepciok-nyitvatartasa\/","title":{"rendered":"A recepci\u00f3k nyitvatart\u00e1sa"},"content":{"rendered":"<table style=\"width: 100%;\">\n<tbody>\n<tr style=\"background-color: #5bc0de;\">\n<td colspan=\"2\"><span style=\"color: #ffffff;\">F\u0151recepci\u00f3 (a Thermal*** wellnesshotel mellett)<\/span><\/td>\n<\/tr>\n<tr>\n<td>\u00c1prilis 29 &#8211; M\u00e1jus 31, Szeptember 1-18.<\/td>\n<td style=\"text-align: right;\">09:00 &#8211; 17:00<\/td>\n<\/tr>\n<tr>\n<td>J\u00fanius 1-30.<\/td>\n<td style=\"text-align: right;\">08:00 &#8211; 19:00<\/td>\n<\/tr>\n<tr style=\"background-color: #e5f2f3;\">\n<td>J\u00falius 1 &#8211; Augusztus 31.<\/td>\n<td style=\"text-align: right;\"><\/td>\n<\/tr>\n<tr style=\"background-color: #e5f2f3;\">\n<td>\u00a0 \u00a0 vas\u00e1rnapt\u00f3l cs\u00fct\u00f6rt\u00f6kig<\/td>\n<td style=\"text-align: right;\">08:00 &#8211; 19:00<\/td>\n<\/tr>\n<tr style=\"background-color: #e5f2f3;\">\n<td>\u00a0 \u00a0 p\u00e9ntek-szombat<\/td>\n<td style=\"text-align: right;\">08:00 &#8211; 20:00<\/td>\n<\/tr>\n<\/tbody>\n<\/table>\n<table style=\"width: 100%;\">\n<tbody>\n<tr style=\"background-color: #5bc0de;\">\n<td colspan=\"2\"><span style=\"color: #ffffff;\">Thermal*** wellnesshotel recepci\u00f3<\/span><\/td>\n<\/tr>\n<tr>\n<td>eg\u00e9sz \u00e9vben<\/td>\n<td>\n<p style=\"text-align: right;\">0:00 &#8211; 24:00<\/p>\n<\/td>\n<\/tr>\n<\/tbody>\n<\/table>\n","protected":false},"excerpt":{"rendered":"<p>F\u0151recepci\u00f3 (a Thermal*** wellnesshotel mellett) \u00c1prilis 29 &#8211; M\u00e1jus 31, Szeptember 1-18. 09:00 &#8211; 17:00 J\u00fanius 1-30. 08:00 &#8211; 19:00 J\u00falius 1 &#8211; Augusztus 31. \u00a0 \u00a0 vas\u00e1rnapt\u00f3l cs\u00fct\u00f6rt\u00f6kig 08:00 &#8211; 19:00 \u00a0 \u00a0 p\u00e9ntek-szombat 08:00 &#8211; 20:00 Thermal*** wellnesshotel recepci\u00f3 eg\u00e9sz \u00e9vben 0:00 &#8211; 24:00<\/p>\n","protected":false},"author":1,"featured_media":0,"parent":0,"menu_order":0,"comment_status":"closed","ping_status":"closed","template":"","meta":{"footnotes":""},"tags":[],"class_list":["post-2188","page","type-page","status-publish","hentry"],"_links":{"self":[{"href":"https:\/\/www.vadasthermal.sk\/hu\/wp-json\/wp\/v2\/pages\/2188","targetHints":{"allow":["GET"]}}],"collection":[{"href":"https:\/\/www.vadasthermal.sk\/hu\/wp-json\/wp\/v2\/pages"}],"about":[{"href":"https:\/\/www.vadasthermal.sk\/hu\/wp-json\/wp\/v2\/types\/page"}],"author":[{"embeddable":true,"href":"https:\/\/www.vadasthermal.sk\/hu\/wp-json\/wp\/v2\/users\/1"}],"replies":[{"embeddable":true,"href":"https:\/\/www.vadasthermal.sk\/hu\/wp-json\/wp\/v2\/comments?post=2188"}],"version-history":[{"count":0,"href":"https:\/\/www.vadasthermal.sk\/hu\/wp-json\/wp\/v2\/pages\/2188\/revisions"}],"wp:attachment":[{"href":"https:\/\/www.vadasthermal.sk\/hu\/wp-json\/wp\/v2\/media?parent=2188"}],"wp:term":[{"taxonomy":"post_tag","embeddable":true,"href":"https:\/\/www.vadasthermal.sk\/hu\/wp-json\/wp\/v2\/tags?post=2188"}],"curies":[{"name":"wp","href":"https:\/\/api.w.org\/{rel}","templated":true}]}}