
{"id":2200,"date":"2018-10-24T10:34:00","date_gmt":"2018-10-24T10:34:00","guid":{"rendered":"http:\/\/vadas.22media.sk\/?page_id=2200"},"modified":"2018-10-24T10:36:16","modified_gmt":"2018-10-24T10:36:16","slug":"hasznos-informaciok","status":"publish","type":"page","link":"https:\/\/www.vadasthermal.sk\/hu\/aquapark\/hasznos-informaciok\/","title":{"rendered":"Hasznos inform\u00e1ci\u00f3k"},"content":{"rendered":"<p><strong>L\u00e1togat\u00f3i rend<\/strong><br \/>\nA VADAS Thermal Resort ter\u00fclet\u00e9re a bel\u00e9ptet\u0151 rendszeren kereszt\u00fcl, \u00e9rv\u00e9nyes bel\u00e9p\u0151jeggyel, b\u00e9rlettel vagy sz\u00e1ll\u00e1sk\u00e1rty\u00e1val lehet bel\u00e9pni. A sz\u00e1ll\u00e1sk\u00e1rty\u00e1t vagy a vonal- illetve QR k\u00f3ddal ell\u00e1tott bel\u00e9p\u0151ket a bel\u00e9ptet\u0151 rendszer leolvas\u00f3j\u00e1hoz kell illeszteni.<br \/>\nA bel\u00e9p\u0151jegy (b\u00e9rlet eset\u00e9ben is) egyszeri bel\u00e9p\u00e9sre jogos\u00edt fel. Amennyiben napk\u00f6zben elhagyn\u00e1 a VADAS Thermal Resort ter\u00fclet\u00e9t, majd sz\u00edvesen visszat\u00e9rne, a k\u00f6lcs\u00f6nz\u0151ben v\u00e1lthatja meg a visszat\u00e9r\u00e9sre feljogos\u00edt\u00f3 karszalagot.<br \/>\nFenntartjuk a jogot, hogy bizonyos szem\u00e9lyekt\u0151l megtagadjuk a bel\u00e9p\u00e9st, amennyiben ezen szem\u00e9lyek magatart\u00e1sa, illetve piszkos ruh\u00e1zata a h\u00e1zirend el\u0151\u00edr\u00e1saival ellent\u00e9tes, vagy a j\u00f3 \u00edzl\u00e9ssel nem \u00f6sszeegyeztethet\u0151.<br \/>\nK\u00e9rj\u00fck vend\u00e9geinket, hogy tarts\u00e1k be az \u00e1ltal\u00e1nos higi\u00e9n\u00e9s szab\u00e1lyokat \u00e9s viselked\u00e9s\u00fckkel ne zavarj\u00e1k a t\u00f6bbi vend\u00e9get!<br \/>\nVend\u00e9geink k\u00f6telesek al\u00e1vetni magukat az \u00fasz\u00f3mesterek \u00e9s az \u00fczemel\u00e9s\u00e9rt illetve a l\u00e1togat\u00f3k biztons\u00e1g\u00e1\u00e9rt k\u00f6zvetlen\u00fcl felel\u0151s dolgoz\u00f3k utas\u00edt\u00e1sainak. Aki a figyelmeztet\u00e9s ellen\u00e9re megszegi ezen szab\u00e1lyzatot, b\u00e1rmikor kitilthat\u00f3 a bel\u00e9p\u0151jegy \u00e1r\u00e1nak visszat\u00e9r\u00edt\u00e9se n\u00e9lk\u00fcl.<br \/>\nRossz id\u0151j\u00e1r\u00e1si viszonyok eset\u00e9n (zivatar, j\u00e9ges\u0151, sz\u00e9lvihar) a felh\u00edv\u00e1st k\u00f6vet\u0151en, vend\u00e9geinknek k\u00e9sedelem n\u00e9lk\u00fcl el kell hagyniuk a medenc\u00e9ket, valamint a medenc\u00e9ket \u00f6vez\u0151 ter\u00fcletet midaddig, am\u00edg a tilt\u00e1s a hangosbemond\u00f3n felold\u00e1sra ker\u00fcl.<br \/>\nVend\u00e9geinknek z\u00e1r\u00f3ra el\u0151tt 15 perccel el kell hagyniuk a medenc\u00e9ket!<\/p>\n<p><strong>A VADAS Thermal Resort ter\u00fclet\u00e9re \u00e1llatokat bevinni tilos!<\/strong><br \/>\nA VADAS Thermal Resort csak a k\u00f6lcs\u00f6nz\u0151ben \u00fczemeltetett trezorokban elhelyezett \u00e9rt\u00e9kt\u00e1rgyaik\u00e9rt v\u00e1llal felel\u0151ss\u00e9get.<br \/>\nA medenc\u00e9ket, \u00e9lm\u00e9nyelemeket \u00e9s cs\u00faszd\u00e1kat vend\u00e9geink saj\u00e1t felel\u0151ss\u00e9g\u00fckre haszn\u00e1lhatj\u00e1k.<br \/>\nA medenc\u00e9k k\u00f6rny\u00e9k\u00e9n vizes \u00e9s cs\u00fasz\u00f3s fel\u00fcletek vannak, \u00edgy ezeket k\u00e9rj\u00fck, \u00f3vatosan haszn\u00e1lj\u00e1k. Az esetleges balesetek\u00e9rt vagy s\u00e9r\u00fcl\u00e9sek\u00e9rt a VADAS Thermal Resort nem v\u00e1llal felel\u0151ss\u00e9get.<br \/>\nK\u00e9rj\u00fck vend\u00e9geinket, hogy egyes napoz\u00f3\u00e1gyakat a medenc\u00e9k k\u00f6rny\u00e9k\u00e9n az elsz\u00e1ll\u00e1solt vend\u00e9geinknek tartjuk fenn, k\u00e9rj\u00fck, hogy ezeket a megjel\u00f6lt \u00e1gyakat ne foglalj\u00e1k el!<br \/>\nA medenc\u00e9kbe \u00e9tel \u00e9s ital bevitele tilos!<br \/>\nA medenc\u00e9k \u00e9s a cs\u00faszdapark haszn\u00e1lata alkohol vagy k\u00e1b\u00edt\u00f3szer hat\u00e1sa alatt szigor\u00faan tilos!<br \/>\nF\u00fcrd\u0151ruha n\u00e9lk\u00fcli napoz\u00e1s csak a nudista napoz\u00f3n enged\u00e9lyezett.<br \/>\nFelh\u00edvjuk figyelm\u00fcket, hogy a ter\u00fclet\u00fcnk\u00f6n harmadik szem\u00e9lyek is k\u00edn\u00e1lj\u00e1k szolg\u00e1ltat\u00e1saikat, amelyek min\u0151s\u00e9g\u00e9\u00e9rt a VADAS Thermal Resort nem v\u00e1llal felel\u0151ss\u00e9get!<br \/>\nA Vadas Thermal Resort jog\u00e1ban \u00e1ll a term\u00e1lf\u00fcrd\u0151 ter\u00fclet\u00e9n hang- \u00e9s k\u00e9pfelv\u00e9telek k\u00e9sz\u00edt\u00e9se marketing tev\u00e9kenys\u00e9g c\u00e9lj\u00e1b\u00f3l. A felv\u00e9telek k\u00e9sz\u00edt\u00e9se \u00e9s felhaszn\u00e1l\u00e1sa folyam\u00e1n mindenkor figyelembe vessz\u00fck a felv\u00e9teleken szerepl\u0151 szem\u00e9lyek szem\u00e9lyes jogait.<br \/>\nA VADAS Thermal Resort fenntartja a jog\u00e1t a term\u00e1lf\u00fcrd\u0151 bizonyos r\u00e9szeinek (medence, sportp\u00e1lya, stb.) egy adott napon vagy napszakban a nagyk\u00f6z\u00f6ns\u00e9g el\u0151l val\u00f3 elz\u00e1r\u00e1sra.<br \/>\nA cs\u00faszdaparkba a bel\u00e9p\u00e9s k\u00fcl\u00f6n fizetend\u0151. A jegyeket a k\u00f6lcs\u00f6nz\u0151ben \u00e9s a fedett uszoda \u00e9p\u00fclet\u00e9ben v\u00e1lthatj\u00e1k meg.<br \/>\nA naperny\u0151s nyug\u00e1gyak haszn\u00e1lata fizetend\u0151. A jegyeket a k\u00f6lcs\u00f6nz\u0151ben (Relax, Csillag, \u00fasz\u00f3-, \u00e9s pezsg\u0151medence k\u00f6rny\u00e9ke) \u00e9s a fedett uszod\u00e1ban (gyerekmedence \u00e9s hull\u00e1mmedence k\u00f6rny\u00e9ke) v\u00e1lthatj\u00e1k meg.<\/p>\n","protected":false},"excerpt":{"rendered":"<p>L\u00e1togat\u00f3i rend A VADAS Thermal Resort ter\u00fclet\u00e9re a bel\u00e9ptet\u0151 rendszeren kereszt\u00fcl, \u00e9rv\u00e9nyes bel\u00e9p\u0151jeggyel, b\u00e9rlettel vagy sz\u00e1ll\u00e1sk\u00e1rty\u00e1val lehet bel\u00e9pni. A sz\u00e1ll\u00e1sk\u00e1rty\u00e1t vagy a vonal- illetve QR k\u00f3ddal ell\u00e1tott bel\u00e9p\u0151ket a bel\u00e9ptet\u0151 rendszer leolvas\u00f3j\u00e1hoz kell illeszteni. A bel\u00e9p\u0151jegy (b\u00e9rlet eset\u00e9ben is) egyszeri bel\u00e9p\u00e9sre jogos\u00edt fel. Amennyiben napk\u00f6zben elhagyn\u00e1 a VADAS Thermal Resort ter\u00fclet\u00e9t, majd sz\u00edvesen visszat\u00e9rne, a [&hellip;]<\/p>\n","protected":false},"author":1,"featured_media":1725,"parent":1178,"menu_order":0,"comment_status":"closed","ping_status":"closed","template":"","meta":{"footnotes":""},"tags":[],"class_list":["post-2200","page","type-page","status-publish","has-post-thumbnail","hentry"],"_links":{"self":[{"href":"https:\/\/www.vadasthermal.sk\/hu\/wp-json\/wp\/v2\/pages\/2200","targetHints":{"allow":["GET"]}}],"collection":[{"href":"https:\/\/www.vadasthermal.sk\/hu\/wp-json\/wp\/v2\/pages"}],"about":[{"href":"https:\/\/www.vadasthermal.sk\/hu\/wp-json\/wp\/v2\/types\/page"}],"author":[{"embeddable":true,"href":"https:\/\/www.vadasthermal.sk\/hu\/wp-json\/wp\/v2\/users\/1"}],"replies":[{"embeddable":true,"href":"https:\/\/www.vadasthermal.sk\/hu\/wp-json\/wp\/v2\/comments?post=2200"}],"version-history":[{"count":0,"href":"https:\/\/www.vadasthermal.sk\/hu\/wp-json\/wp\/v2\/pages\/2200\/revisions"}],"up":[{"embeddable":true,"href":"https:\/\/www.vadasthermal.sk\/hu\/wp-json\/wp\/v2\/pages\/1178"}],"wp:featuredmedia":[{"embeddable":true,"href":"https:\/\/www.vadasthermal.sk\/hu\/wp-json\/wp\/v2\/media\/1725"}],"wp:attachment":[{"href":"https:\/\/www.vadasthermal.sk\/hu\/wp-json\/wp\/v2\/media?parent=2200"}],"wp:term":[{"taxonomy":"post_tag","embeddable":true,"href":"https:\/\/www.vadasthermal.sk\/hu\/wp-json\/wp\/v2\/tags?post=2200"}],"curies":[{"name":"wp","href":"https:\/\/api.w.org\/{rel}","templated":true}]}}