
{"id":2347,"date":"2018-11-06T14:12:43","date_gmt":"2018-11-06T14:12:43","guid":{"rendered":"https:\/\/www.vadasthermal.sk\/?page_id=2347"},"modified":"2018-11-06T14:13:21","modified_gmt":"2018-11-06T14:13:21","slug":"versenytargyalas","status":"publish","type":"page","link":"https:\/\/www.vadasthermal.sk\/hu\/versenytargyalas\/","title":{"rendered":"Nyilv\u00e1nos versenyt\u00e1rgyal\u00e1s"},"content":{"rendered":"<p>VADA\u0160 s.r.o., Pri Vada\u0161i 2, P.O.Box 20,943 01 \u0160t\u00farovo, (I\u010cO): 34 136\u00a0215<\/p>\n<p><strong>NYILV\u00c1NOS VERSENYT\u00c1RGYAL\u00c1ST HIRDET<\/strong><\/p>\n<p>(a Kereskedelmi T\u00f6rv\u00e9nyk\u00f6nyv 513\/1991-es sz\u00e1m\u00fa 281.-288\u00a7-a \u00e9rtelm\u00e9ben)<\/p>\n<h3 class=\"\">K\u00fclt\u00e9ri \u00e9lm\u00e9nymedence meg\u00e9p\u00edt\u00e9se<\/h3>\n<p><strong>1.1.\u00a0 A p\u00e1ly\u00e1zati dokumentumok megszerz\u00e9s\u00e9nek m\u00f3dja<\/strong><\/p>\n<p>A versenyt\u00e1rgyal\u00e1son kiz\u00e1r\u00f3lag term\u00e9szetes vagy jogi szem\u00e9ly \u2013 v\u00e1llalkoz\u00f3 \u2013 vehet r\u00e9szt, aki a verseny meghirdet\u0151j\u00e9t\u0151l a sekretariat@vadas.sk e-mail c\u00edmen k\u00e9rv\u00e9nyezi a p\u00e1ly\u00e1zati dokumentumokat. Ezt k\u00f6vet\u0151en a meghirdet\u0151 a megadott e-mail c\u00edmre elk\u00fcldi a p\u00e1ly\u00e1zati dokumentumokat. Az e-mailben a p\u00e1ly\u00e1z\u00f3nak a k\u00f6vetkez\u0151 adatokat kell megadnia:<\/p>\n<ul>\n<li>Term\u00e9szetes szem\u00e9ly \u2013 v\u00e1llalkoz\u00f3: teljes n\u00e9v, statisztikai sz\u00e1mjegy (I\u010cO), ad\u00f3sz\u00e1m (DI\u010c), H\u00c9A-sz\u00e1m (I\u010c DPH), ha \u00c1FA fizet\u0151.<\/li>\n<li>Jogi szem\u00e9ly: c\u00e9gn\u00e9v, sz\u00e9khely, statisztikai sz\u00e1mjegy (I\u010cO), ad\u00f3sz\u00e1m (DI\u010c), H\u00c9A-sz\u00e1m (I\u010c DPH), ha \u00c1FA fizet\u0151.<\/li>\n<\/ul>\n<p>Az e-mailek elk\u00fcld\u00e9s\u00e9n\u00e9l \u00e9s k\u00e9zbes\u00edt\u00e9s\u00e9n\u00e9l felmer\u00fcl\u0151 probl\u00e9m\u00e1k\u00e9rt a p\u00e1ly\u00e1z\u00f3 r\u00e9sz\u00e9r\u0151l a meghirdet\u0151 nem v\u00e1llalja a felel\u0151ss\u00e9get. A p\u00e1ly\u00e1z\u00f3k <strong>2018. november 26-ig k<\/strong>\u00e9rv\u00e9nyezhetik a meghirdet\u0151t\u0151l a p\u00e1ly\u00e1zati dokumentumokat.<\/p>\n<p><strong>1.2. A versenyp\u00e1ly\u00e1zatok beny\u00fajt\u00e1s\u00e1nak m\u00f3dja \u00e9s hat\u00e1rideje<\/strong><\/p>\n<p>Az aj\u00e1nlatokat szlov\u00e1k ill. cseh nyelven, aj\u00e1nlott lev\u00e9lben, fut\u00e1rral, esetleg szem\u00e9lyesen lehet beny\u00fajtani a verseny meghirdet\u0151j\u00e9nek titk\u00e1rs\u00e1g\u00e1n a k\u00f6vetkez\u0151 c\u00edmen: VADA\u0160 s.r.o., Pri Vada\u0161i 2, 943 01 \u00a0\u0160t\u00farovo, a Thermal sz\u00e1lloda \u00e9p\u00fclete. <strong>A versenyp\u00e1ly\u00e1zatok beny\u00fajt\u00e1s\u00e1nak hat\u00e1rideje: 2018. december 3., 12:00 \u00f3ra.<\/strong><\/p>\n<p>P\u00e1rk\u00e1ny, 2018. okt\u00f3ber 31.<\/p>\n","protected":false},"excerpt":{"rendered":"<p>VADA\u0160 s.r.o., Pri Vada\u0161i 2, P.O.Box 20,943 01 \u0160t\u00farovo, (I\u010cO): 34 136\u00a0215 NYILV\u00c1NOS VERSENYT\u00c1RGYAL\u00c1ST HIRDET (a Kereskedelmi T\u00f6rv\u00e9nyk\u00f6nyv 513\/1991-es sz\u00e1m\u00fa 281.-288\u00a7-a \u00e9rtelm\u00e9ben) K\u00fclt\u00e9ri \u00e9lm\u00e9nymedence meg\u00e9p\u00edt\u00e9se 1.1.\u00a0 A p\u00e1ly\u00e1zati dokumentumok megszerz\u00e9s\u00e9nek m\u00f3dja A versenyt\u00e1rgyal\u00e1son kiz\u00e1r\u00f3lag term\u00e9szetes vagy jogi szem\u00e9ly \u2013 v\u00e1llalkoz\u00f3 \u2013 vehet r\u00e9szt, aki a verseny meghirdet\u0151j\u00e9t\u0151l a sekretariat@vadas.sk e-mail c\u00edmen k\u00e9rv\u00e9nyezi a p\u00e1ly\u00e1zati dokumentumokat. [&hellip;]<\/p>\n","protected":false},"author":2,"featured_media":0,"parent":0,"menu_order":0,"comment_status":"closed","ping_status":"closed","template":"","meta":{"footnotes":""},"tags":[],"class_list":["post-2347","page","type-page","status-publish","hentry"],"_links":{"self":[{"href":"https:\/\/www.vadasthermal.sk\/hu\/wp-json\/wp\/v2\/pages\/2347","targetHints":{"allow":["GET"]}}],"collection":[{"href":"https:\/\/www.vadasthermal.sk\/hu\/wp-json\/wp\/v2\/pages"}],"about":[{"href":"https:\/\/www.vadasthermal.sk\/hu\/wp-json\/wp\/v2\/types\/page"}],"author":[{"embeddable":true,"href":"https:\/\/www.vadasthermal.sk\/hu\/wp-json\/wp\/v2\/users\/2"}],"replies":[{"embeddable":true,"href":"https:\/\/www.vadasthermal.sk\/hu\/wp-json\/wp\/v2\/comments?post=2347"}],"version-history":[{"count":0,"href":"https:\/\/www.vadasthermal.sk\/hu\/wp-json\/wp\/v2\/pages\/2347\/revisions"}],"wp:attachment":[{"href":"https:\/\/www.vadasthermal.sk\/hu\/wp-json\/wp\/v2\/media?parent=2347"}],"wp:term":[{"taxonomy":"post_tag","embeddable":true,"href":"https:\/\/www.vadasthermal.sk\/hu\/wp-json\/wp\/v2\/tags?post=2347"}],"curies":[{"name":"wp","href":"https:\/\/api.w.org\/{rel}","templated":true}]}}