
{"id":280,"date":"2018-10-11T11:01:18","date_gmt":"2018-10-11T11:01:18","guid":{"rendered":"http:\/\/vadas.22media.sk\/?page_id=280"},"modified":"2018-10-15T18:28:12","modified_gmt":"2018-10-15T18:28:12","slug":"szallas","status":"publish","type":"page","link":"https:\/\/www.vadasthermal.sk\/hu\/szallas\/","title":{"rendered":"Sz\u00e1ll\u00e1s"},"content":{"rendered":"<p>Tal\u00e1lja meg az \u00d6nnek legmegfelel\u0151bb sz\u00e1ll\u00e1st\u00edpust az autokempingt\u0151l, a fah\u00e1zakon \u00e1t, az apartmanh\u00e1zakig.<\/p>\n","protected":false},"excerpt":{"rendered":"<p>Tal\u00e1lja meg az \u00d6nnek legmegfelel\u0151bb sz\u00e1ll\u00e1st\u00edpust az autokempingt\u0151l, a fah\u00e1zakon \u00e1t, az apartmanh\u00e1zakig.<\/p>\n","protected":false},"author":1,"featured_media":0,"parent":0,"menu_order":0,"comment_status":"closed","ping_status":"closed","template":"list-accomodation.php","meta":{"footnotes":""},"tags":[],"class_list":["post-280","page","type-page","status-publish","hentry"],"_links":{"self":[{"href":"https:\/\/www.vadasthermal.sk\/hu\/wp-json\/wp\/v2\/pages\/280","targetHints":{"allow":["GET"]}}],"collection":[{"href":"https:\/\/www.vadasthermal.sk\/hu\/wp-json\/wp\/v2\/pages"}],"about":[{"href":"https:\/\/www.vadasthermal.sk\/hu\/wp-json\/wp\/v2\/types\/page"}],"author":[{"embeddable":true,"href":"https:\/\/www.vadasthermal.sk\/hu\/wp-json\/wp\/v2\/users\/1"}],"replies":[{"embeddable":true,"href":"https:\/\/www.vadasthermal.sk\/hu\/wp-json\/wp\/v2\/comments?post=280"}],"version-history":[{"count":0,"href":"https:\/\/www.vadasthermal.sk\/hu\/wp-json\/wp\/v2\/pages\/280\/revisions"}],"wp:attachment":[{"href":"https:\/\/www.vadasthermal.sk\/hu\/wp-json\/wp\/v2\/media?parent=280"}],"wp:term":[{"taxonomy":"post_tag","embeddable":true,"href":"https:\/\/www.vadasthermal.sk\/hu\/wp-json\/wp\/v2\/tags?post=280"}],"curies":[{"name":"wp","href":"https:\/\/api.w.org\/{rel}","templated":true}]}}