
{"id":338,"date":"2018-10-12T12:52:10","date_gmt":"2018-10-12T12:52:10","guid":{"rendered":"http:\/\/vadas.22media.sk\/?page_id=338"},"modified":"2026-03-27T14:23:40","modified_gmt":"2026-03-27T13:23:40","slug":"ceges-rendezvenyek","status":"publish","type":"page","link":"https:\/\/www.vadasthermal.sk\/hu\/ceges-rendezvenyek\/","title":{"rendered":"C\u00e9ges rendezv\u00e9nyek"},"content":{"rendered":"<h3>Tr\u00e9ninget, konferenci\u00e1t vagy csapat\u00e9p\u00edt\u00e9st szervez? A megfelel\u0151 helyen van!<\/h3>\n<hr \/>\n<p><div class=\"row\"><div class=\"col-md-6\"><strong>ISTER terem &#8211;\u00a0kapacit\u00e1s: max. 80 f\u0151<\/strong><br \/>\n<strong>Elrendez\u00e9s szerint:<\/strong><\/p>\n<p>Kerekasztal 32 f\u0151<br \/>\nU-alak 48 f\u0151<br \/>\nIskolapados 34 f\u0151<br \/>\nSz\u00ednh\u00e1zi 80 f\u0151<br \/>\nBankett 30 f\u0151<\/p>\n<p><strong>B\u00e9rleti d\u00edj: 140 \u20ac \/ 3 \u00f3ra, minden tov\u00e1bbi \u00f3ra 25 \u20ac<\/strong><\/p>\n<p><strong>GRANUM terem &#8211;\u00a0kapacit\u00e1s: max. 30 f\u0151<\/strong><br \/>\nElrendez\u00e9s szerint:<\/p>\n<p>Kerekasztal 12 f\u0151<br \/>\nU-alak 18 f\u0151<br \/>\nIskolapados 20 f\u0151<br \/>\nSz\u00ednh\u00e1zi 30 f\u0151<br \/>\nBankett 10 f\u0151<\/p>\n<p><strong>B\u00e9rleti d\u00edj: 100 \u20ac \/ 3 \u00f3ra, minden tov\u00e1bbi \u00f3ra 25 \u20ac<\/strong><\/p>\n<p><b>BURDA t\u00e1rgyal\u00f3 <\/b>&#8211; kapacit\u00e1s: 14 f\u0151ig<\/p>\n<p><strong>B\u00e9rleti d\u00edj: 25 \u20ac \/ \u00f3ra<\/strong><\/p>\n<p><\/div><div class=\"col-md-6\"><strong>Technikai felszerelts\u00e9g:\u00a0<\/strong><br \/>\nFlipchart, vet\u00edt\u0151v\u00e1szon, CD \u00e9s DVD lej\u00e1tsz\u00f3, TV, vide\u00f3, t\u00f6bbfunkci\u00f3s projektor, mikrofon.<\/p>\n<p>T\u00e9r\u00edt\u00e9s ellen\u00e9ben az al\u00e1bbi szolg\u00e1ltat\u00e1sokat biztos\u00edtjuk: tolm\u00e1csol\u00e1s, hangos\u00edt\u00e1s \u00e9s catering.<\/p>\n<p><strong>Catering: Thermal*** \u00e9tterem<\/strong><br \/>\nA 100 f\u00e9r\u0151helyes Thermal \u00e9tterem a konferenci\u00e1n r\u00e9sztvev\u0151 vend\u00e9geknek a reggelit \u00e9s vacsor\u00e1t sv\u00e9dasztal , az eb\u00e9det men\u00fc illetve a\u00b4la carte form\u00e1ban biztos\u00edtja.<\/p>\n<p>Az 50 f\u0151s Panor\u00e1m\u00e1s b\u00e1r az Ister teremmel \u00f6sszenyithat\u00f3.<\/p>\n<p>A Thermal \u00e9tterem remek helysz\u00edne fogad\u00e1sok, sz\u00fclet\u00e9snapi rendezv\u00e9nyek vagy m\u00e1s csal\u00e1di, bar\u00e1ti tal\u00e1lkoz\u00e1sok, \u00fczleti megbesz\u00e9l\u00e9sek lebonyol\u00edt\u00e1s\u00e1ra.<\/p>\n<p><strong>Team building:<\/strong><\/p>\n<p>A Vadas Thermal resortban t\u00f6bbfunkci\u00f3s sportp\u00e1ly\u00e1k (megvil\u00e1g\u00edtott m\u0171f\u00fcves futballp\u00e1lya, teniszp\u00e1ly\u00e1k, streetball, strandfocip\u00e1ly\u00e1k), a t\u00f3 sziget\u00e9n kalandpark is v\u00e1r az \u00e9rdekl\u0151d\u0151kre. Tov\u00e1bb\u00e1 k\u00f6zvet\u00edteni tudjuk gokartp\u00e1lya \u00e9s minigolf p\u00e1lya b\u00e9rl\u00e9s\u00e9t is.<br \/>\n<strong>Tov\u00e1bbi inform\u00e1ci\u00f3k MICE partnereink r\u00e9sz\u00e9re: <a href=\"https:\/\/vadasmice.sk\/hu\">vadasmice.sk.<\/a><\/strong><br \/>\n<\/div><\/div><\/p>\n<div class=\"row no-gutters grid size-4\"><a href=\"https:\/\/www.vadasthermal.sk\/wp-content\/uploads\/vadas_mice2.jpg\" rel=\"gallery-1a1bc48d\" class=\"swipebox-gallery col-md-3 col-6\">   <div class=\"img\" style=\"background-image: url('https:\/\/www.vadasthermal.sk\/wp-content\/uploads\/vadas_mice2.jpg')\" ><\/div>   <div class=\"overlay\"><\/div><\/a><a href=\"https:\/\/www.vadasthermal.sk\/wp-content\/uploads\/vadas_mice3.jpg\" rel=\"gallery-1a1bc48d\" class=\"swipebox-gallery col-md-3 col-6\">   <div class=\"img\" style=\"background-image: url('https:\/\/www.vadasthermal.sk\/wp-content\/uploads\/vadas_mice3.jpg')\" ><\/div>   <div class=\"overlay\"><\/div><\/a><a href=\"https:\/\/www.vadasthermal.sk\/wp-content\/uploads\/thermal_konferencia5.jpg\" rel=\"gallery-1a1bc48d\" class=\"swipebox-gallery col-md-3 col-6\">   <div class=\"img\" style=\"background-image: url('https:\/\/www.vadasthermal.sk\/wp-content\/uploads\/thermal_konferencia5.jpg')\" ><\/div>   <div class=\"overlay\"><\/div><\/a><a href=\"https:\/\/www.vadasthermal.sk\/wp-content\/uploads\/restauracia_thermal6.jpg\" rel=\"gallery-1a1bc48d\" class=\"swipebox-gallery col-md-3 col-6\">   <div class=\"img\" style=\"background-image: url('https:\/\/www.vadasthermal.sk\/wp-content\/uploads\/restauracia_thermal6.jpg')\" ><\/div>   <div class=\"overlay\"><\/div><\/a><a href=\"https:\/\/www.vadasthermal.sk\/wp-content\/uploads\/Restauracia_Thermal_2-1.jpg\" rel=\"gallery-1a1bc48d\" class=\"swipebox-gallery col-md-3 col-6\">   <div class=\"img\" style=\"background-image: url('https:\/\/www.vadasthermal.sk\/wp-content\/uploads\/Restauracia_Thermal_2-1.jpg')\" ><\/div>   <div class=\"overlay\"><\/div><\/a><a href=\"https:\/\/www.vadasthermal.sk\/wp-content\/uploads\/thermal_rest_1.jpg\" rel=\"gallery-1a1bc48d\" class=\"swipebox-gallery col-md-3 col-6\">   <div class=\"img\" style=\"background-image: url('https:\/\/www.vadasthermal.sk\/wp-content\/uploads\/thermal_rest_1.jpg')\" ><\/div>   <div class=\"overlay\"><\/div><\/a><a href=\"https:\/\/www.vadasthermal.sk\/wp-content\/uploads\/thermal_rest_4.jpg\" rel=\"gallery-1a1bc48d\" class=\"swipebox-gallery col-md-3 col-6\">   <div class=\"img\" style=\"background-image: url('https:\/\/www.vadasthermal.sk\/wp-content\/uploads\/thermal_rest_4.jpg')\" ><\/div>   <div class=\"overlay\"><\/div><\/a><a href=\"https:\/\/www.vadasthermal.sk\/wp-content\/uploads\/hotel4_1.jpg\" rel=\"gallery-1a1bc48d\" class=\"swipebox-gallery col-md-3 col-6\">   <div class=\"img\" style=\"background-image: url('https:\/\/www.vadasthermal.sk\/wp-content\/uploads\/hotel4_1.jpg')\" ><\/div>   <div class=\"overlay\"><\/div><\/a><\/div>\n","protected":false},"excerpt":{"rendered":"<p>A p\u00e1rk\u00e1nyi Thermal wellnesshotel k\u00e9t konferenciatermet k\u00edn\u00e1l iskol\u00e1z\u00e1sok, c\u00e9ges rendezv\u00e9nyek, csapat\u00e9p\u00edt\u0151 tr\u00e9ningek, konferenci\u00e1k megrendez\u00e9s\u00e9re.<\/p>\n","protected":false},"author":1,"featured_media":0,"parent":0,"menu_order":0,"comment_status":"closed","ping_status":"closed","template":"list-corporate.php","meta":{"footnotes":""},"tags":[],"class_list":["post-338","page","type-page","status-publish","hentry"],"_links":{"self":[{"href":"https:\/\/www.vadasthermal.sk\/hu\/wp-json\/wp\/v2\/pages\/338","targetHints":{"allow":["GET"]}}],"collection":[{"href":"https:\/\/www.vadasthermal.sk\/hu\/wp-json\/wp\/v2\/pages"}],"about":[{"href":"https:\/\/www.vadasthermal.sk\/hu\/wp-json\/wp\/v2\/types\/page"}],"author":[{"embeddable":true,"href":"https:\/\/www.vadasthermal.sk\/hu\/wp-json\/wp\/v2\/users\/1"}],"replies":[{"embeddable":true,"href":"https:\/\/www.vadasthermal.sk\/hu\/wp-json\/wp\/v2\/comments?post=338"}],"version-history":[{"count":3,"href":"https:\/\/www.vadasthermal.sk\/hu\/wp-json\/wp\/v2\/pages\/338\/revisions"}],"predecessor-version":[{"id":17615,"href":"https:\/\/www.vadasthermal.sk\/hu\/wp-json\/wp\/v2\/pages\/338\/revisions\/17615"}],"wp:attachment":[{"href":"https:\/\/www.vadasthermal.sk\/hu\/wp-json\/wp\/v2\/media?parent=338"}],"wp:term":[{"taxonomy":"post_tag","embeddable":true,"href":"https:\/\/www.vadasthermal.sk\/hu\/wp-json\/wp\/v2\/tags?post=338"}],"curies":[{"name":"wp","href":"https:\/\/api.w.org\/{rel}","templated":true}]}}