
{"id":4213,"date":"2019-06-13T08:44:29","date_gmt":"2019-06-13T08:44:29","guid":{"rendered":"https:\/\/www.vadasthermal.sk\/nabijacia-stanica-pre-elektromobily-v-areali\/"},"modified":"2023-01-24T13:00:27","modified_gmt":"2023-01-24T13:00:27","slug":"elektromos-auto-toltoallomas-a-termalfurdoben","status":"publish","type":"page","link":"https:\/\/www.vadasthermal.sk\/hu\/aquapark\/elektromos-auto-toltoallomas-a-termalfurdoben\/","title":{"rendered":"Elektromos aut\u00f3 t\u00f6lt\u0151\u00e1llom\u00e1s a term\u00e1lf\u00fcrd\u0151ben"},"content":{"rendered":"<p>A VADAS Thermal Resort elektromos aut\u00f3 t\u00f6lt\u0151 \u00e1llom\u00e1ssal rendelkezik \u2013 2 x 22 kW, 2 drb TYPE 2 csatlakoz\u00f3val (Mennekes), mely egyidej\u0171leg 2 aut\u00f3 t\u00f6lt\u00e9s\u00e9re alkalmas.<\/p>\n<p>A berendez\u00e9s a Thermal sz\u00e1lloda \u0151rz\u00f6tt parkol\u00f3j\u00e1n ker\u00fclt kialak\u00edt\u00e1sra.<\/p>\n<p><strong>Haszn\u00e1lata a Thermal wellness hotel vend\u00e9gei r\u00e9sz\u00e9re az ittl\u00e9t ideje alatt korl\u00e1tlan \u00e9s INGYENES.<\/strong><\/p>\n<p>Azon kedves vend\u00e9geink, <strong>akik nem a Thermal sz\u00e1llod\u00e1ban vannak elsz\u00e1ll\u00e1solva, 0,5 \u20ac + \u00c1FA \/ kWh t\u00f6lt\u00e9si d\u00edj megfizet\u00e9se mellett haszn\u00e1lhatj\u00e1k a\u00a0t\u00f6lt\u0151\u00e1llom\u00e1st.<\/strong> A t\u00f6lt\u00e9s hossza legfeljebb 4 \u00f3ra lehet.\u00a0<\/p>\n\n\n<p><\/p>\n","protected":false},"excerpt":{"rendered":"<p>A VADAS Thermal Resort elektromos aut\u00f3 t\u00f6lt\u0151 \u00e1llom\u00e1ssal rendelkezik \u2013 2 x 22 kW, 2 drb TYPE 2 csatlakoz\u00f3val (Mennekes), mely egyidej\u0171leg 2 aut\u00f3 t\u00f6lt\u00e9s\u00e9re alkalmas. A berendez\u00e9s a Thermal sz\u00e1lloda \u0151rz\u00f6tt parkol\u00f3j\u00e1n ker\u00fclt kialak\u00edt\u00e1sra. Haszn\u00e1lata a Thermal wellness hotel vend\u00e9gei r\u00e9sz\u00e9re az ittl\u00e9t ideje alatt korl\u00e1tlan \u00e9s INGYENES. Azon kedves vend\u00e9geink, akik nem a [&hellip;]<\/p>\n","protected":false},"author":2,"featured_media":4154,"parent":1178,"menu_order":0,"comment_status":"closed","ping_status":"closed","template":"","meta":{"footnotes":""},"tags":[],"class_list":["post-4213","page","type-page","status-publish","has-post-thumbnail","hentry"],"_links":{"self":[{"href":"https:\/\/www.vadasthermal.sk\/hu\/wp-json\/wp\/v2\/pages\/4213","targetHints":{"allow":["GET"]}}],"collection":[{"href":"https:\/\/www.vadasthermal.sk\/hu\/wp-json\/wp\/v2\/pages"}],"about":[{"href":"https:\/\/www.vadasthermal.sk\/hu\/wp-json\/wp\/v2\/types\/page"}],"author":[{"embeddable":true,"href":"https:\/\/www.vadasthermal.sk\/hu\/wp-json\/wp\/v2\/users\/2"}],"replies":[{"embeddable":true,"href":"https:\/\/www.vadasthermal.sk\/hu\/wp-json\/wp\/v2\/comments?post=4213"}],"version-history":[{"count":0,"href":"https:\/\/www.vadasthermal.sk\/hu\/wp-json\/wp\/v2\/pages\/4213\/revisions"}],"up":[{"embeddable":true,"href":"https:\/\/www.vadasthermal.sk\/hu\/wp-json\/wp\/v2\/pages\/1178"}],"wp:featuredmedia":[{"embeddable":true,"href":"https:\/\/www.vadasthermal.sk\/hu\/wp-json\/wp\/v2\/media\/4154"}],"wp:attachment":[{"href":"https:\/\/www.vadasthermal.sk\/hu\/wp-json\/wp\/v2\/media?parent=4213"}],"wp:term":[{"taxonomy":"post_tag","embeddable":true,"href":"https:\/\/www.vadasthermal.sk\/hu\/wp-json\/wp\/v2\/tags?post=4213"}],"curies":[{"name":"wp","href":"https:\/\/api.w.org\/{rel}","templated":true}]}}