
{"id":12740,"date":"2018-10-19T11:45:41","date_gmt":"2018-10-19T11:45:41","guid":{"rendered":"https:\/\/www.vadasthermal.sk\/restauracia\/"},"modified":"2024-12-09T13:55:47","modified_gmt":"2024-12-09T12:55:47","slug":"restauracja","status":"publish","type":"page","link":"https:\/\/www.vadasthermal.sk\/pl\/thermal-wellnesshotel\/restauracja\/","title":{"rendered":"Restauracja"},"content":{"rendered":"<p>Z przyjemnym pobytem w hotelu Thermal*** \u0142\u0105czy si\u0119 dobrej jako\u015bci jedzenie i mi\u0142a obs\u0142uga. Restauracja Thermal dla max. 100 os\u00f3b oferuje mo\u017cliwo\u015b\u0107 przyjemnego posiedzenia oraz szeroki wyb\u00f3r gastronomicznych specja\u0142\u00f3w lokalnej i mi\u0119dzynarodowej kuchni.<\/p>\n<p>\u015aniadania i kolacje dla hotelowych go\u015bci s\u0105 w formie szwedzkich sto\u0142\u00f3w. W przypadku liczby go\u015bci powy\u017cej 10 os\u00f3b, oferujemy \u015bniadania i kolacje z menu.<br \/>\nRestauracja Thermal jest idealnym miejscem do organizacji formalnych i nieformalnych spotka\u0144, wesel, rodzinnych lub firmowych imprez.<\/p>\n<p><div class=\"row\"><br \/>\n<div class=\"col-md-6\"><\/p>\n<h3>Serwowanie posi\u0142k\u00f3w<\/h3>\n<p>Re\u0161taur\u00e1cia: 07:00 &#8211; 21:00 hod. \u2022\u00a0\u015aniadania: 07.00 &#8211; 10.00 hod. \u2022\u00a0Kolacje: 18:00 &#8211; 20:00 hod<\/p>\n<p><strong>Kontakty:<\/strong><br \/>\nIng Kajanov\u00e1 M\u00e1ria, Food &amp; Beverage manager<\/p>\n<p>Tel: +421 36 7560 353,\u00a0E-mail: <a href=\"mailto:restauracia@vadas.sk\">restauracia@vadas.sk<\/a><br \/>\n<\/div><div class=\"col-md-6\"><\/p>\n<div class=\"row no-gutters grid size-2\"><a href=\"https:\/\/www.vadasthermal.sk\/wp-content\/uploads\/restauracia_thermal_3.jpg\" rel=\"gallery-48f5776f\" class=\"swipebox-gallery col-md-6 col-6\">   <div class=\"img\" style=\"background-image: url('https:\/\/www.vadasthermal.sk\/wp-content\/uploads\/restauracia_thermal_3.jpg')\" ><\/div>   <div class=\"overlay\"><\/div><\/a><a href=\"https:\/\/www.vadasthermal.sk\/wp-content\/uploads\/restauracia_thermal_6.jpg\" rel=\"gallery-48f5776f\" class=\"swipebox-gallery col-md-6 col-6\">   <div class=\"img\" style=\"background-image: url('https:\/\/www.vadasthermal.sk\/wp-content\/uploads\/restauracia_thermal_6.jpg')\" ><\/div>   <div class=\"overlay\"><\/div><\/a><a href=\"https:\/\/www.vadasthermal.sk\/wp-content\/uploads\/2018\/10\/restauracia_6-58afd85962.jpg\" rel=\"gallery-48f5776f\" class=\"swipebox-gallery col-md-6 col-6\">   <div class=\"img\" style=\"background-image: url('https:\/\/www.vadasthermal.sk\/wp-content\/uploads\/2018\/10\/restauracia_6-58afd85962.jpg')\" ><\/div>   <div class=\"overlay\"><\/div><\/a><a href=\"https:\/\/www.vadasthermal.sk\/wp-content\/uploads\/2018\/10\/restauracia_2-b68b6ed80c.jpg\" rel=\"gallery-48f5776f\" class=\"swipebox-gallery col-md-6 col-6\">   <div class=\"img\" style=\"background-image: url('https:\/\/www.vadasthermal.sk\/wp-content\/uploads\/2018\/10\/restauracia_2-b68b6ed80c.jpg')\" ><\/div>   <div class=\"overlay\"><\/div><\/a><\/div>\n<p><\/div><\/div><br \/>\n,9067,9070,9073,9076,9079,9082,9085,9088&#8243;]<\/p>\n","protected":false},"excerpt":{"rendered":"<p>Z przyjemnym pobytem w hotelu Thermal*** \u0142\u0105czy si\u0119 dobrej jako\u015bci jedzenie i mi\u0142a obs\u0142uga. Restauracja Thermal dla max. 100 os\u00f3b oferuje mo\u017cliwo\u015b\u0107 przyjemnego posiedzenia oraz szeroki wyb\u00f3r gastronomicznych specja\u0142\u00f3w lokalnej i mi\u0119dzynarodowej kuchni.<\/p>\n","protected":false},"author":1,"featured_media":16346,"parent":13195,"menu_order":0,"comment_status":"closed","ping_status":"closed","template":"","meta":{"footnotes":""},"tags":[],"class_list":["post-12740","page","type-page","status-publish","has-post-thumbnail","hentry"],"_links":{"self":[{"href":"https:\/\/www.vadasthermal.sk\/pl\/wp-json\/wp\/v2\/pages\/12740","targetHints":{"allow":["GET"]}}],"collection":[{"href":"https:\/\/www.vadasthermal.sk\/pl\/wp-json\/wp\/v2\/pages"}],"about":[{"href":"https:\/\/www.vadasthermal.sk\/pl\/wp-json\/wp\/v2\/types\/page"}],"author":[{"embeddable":true,"href":"https:\/\/www.vadasthermal.sk\/pl\/wp-json\/wp\/v2\/users\/1"}],"replies":[{"embeddable":true,"href":"https:\/\/www.vadasthermal.sk\/pl\/wp-json\/wp\/v2\/comments?post=12740"}],"version-history":[{"count":1,"href":"https:\/\/www.vadasthermal.sk\/pl\/wp-json\/wp\/v2\/pages\/12740\/revisions"}],"predecessor-version":[{"id":12755,"href":"https:\/\/www.vadasthermal.sk\/pl\/wp-json\/wp\/v2\/pages\/12740\/revisions\/12755"}],"up":[{"embeddable":true,"href":"https:\/\/www.vadasthermal.sk\/pl\/wp-json\/wp\/v2\/pages\/13195"}],"wp:featuredmedia":[{"embeddable":true,"href":"https:\/\/www.vadasthermal.sk\/pl\/wp-json\/wp\/v2\/media\/16346"}],"wp:attachment":[{"href":"https:\/\/www.vadasthermal.sk\/pl\/wp-json\/wp\/v2\/media?parent=12740"}],"wp:term":[{"taxonomy":"post_tag","embeddable":true,"href":"https:\/\/www.vadasthermal.sk\/pl\/wp-json\/wp\/v2\/tags?post=12740"}],"curies":[{"name":"wp","href":"https:\/\/api.w.org\/{rel}","templated":true}]}}