
{"id":12757,"date":"2019-06-06T08:39:56","date_gmt":"2019-06-06T08:39:56","guid":{"rendered":"https:\/\/www.vadasthermal.sk\/nabijacia-stanica-pre-elektromobily\/"},"modified":"2024-12-09T13:54:58","modified_gmt":"2024-12-09T12:54:58","slug":"ladowarka-do-samochodov-elektrycznych","status":"publish","type":"page","link":"https:\/\/www.vadasthermal.sk\/pl\/thermal-wellnesshotel\/ladowarka-do-samochodov-elektrycznych\/","title":{"rendered":"\u0141adowarka do samochod\u00f3w elektrycznych"},"content":{"rendered":"<p>Hotel dysponuje w\u0142asn\u0105 \u0142adowark\u0105 dla samochod\u00f3w elektrycznych \u2013 typ 2 x 22 kW, konektory (z\u0142\u0105cza) TYPE 2 (Mennekes). Stacja \u0142adowania znajduje si\u0119 na parkingu strze\u017conym.<\/p>\n<p><strong>Dla go\u015bci totelu Thermal \u0142adowanie podczas ca\u0142ego pobytu GRATIS.<\/strong><\/p>\n<p>Osoby, kt\u00f3re nie s\u0105 zameldowane w hotelu Thermal, maja mo\u017cliwo\u015b\u0107 \u0142adowania samochodu za op\u0142at\u0105 0,5 \u20ac + VAT \/ kWh. Maksymalny czas \u0142adowania 4 godz.<\/p>\n","protected":false},"excerpt":{"rendered":"<p>Hotel dysponuje w\u0142asn\u0105 \u0142adowark\u0105 dla samochod\u00f3w elektrycznych \u2013 typ 2 x 22 kW, konektory (z\u0142\u0105cza) TYPE 2 (Mennekes). Stacja \u0142adowania znajduje si\u0119 na parkingu strze\u017conym. Dla go\u015bci totelu Thermal \u0142adowanie podczas ca\u0142ego pobytu GRATIS. Osoby, kt\u00f3re nie s\u0105 zameldowane w hotelu Thermal, maja mo\u017cliwo\u015b\u0107 \u0142adowania samochodu za op\u0142at\u0105 0,5 \u20ac + VAT \/ kWh. Maksymalny [&hellip;]<\/p>\n","protected":false},"author":2,"featured_media":12759,"parent":13195,"menu_order":0,"comment_status":"closed","ping_status":"closed","template":"","meta":{"footnotes":""},"tags":[],"class_list":["post-12757","page","type-page","status-publish","has-post-thumbnail","hentry"],"_links":{"self":[{"href":"https:\/\/www.vadasthermal.sk\/pl\/wp-json\/wp\/v2\/pages\/12757","targetHints":{"allow":["GET"]}}],"collection":[{"href":"https:\/\/www.vadasthermal.sk\/pl\/wp-json\/wp\/v2\/pages"}],"about":[{"href":"https:\/\/www.vadasthermal.sk\/pl\/wp-json\/wp\/v2\/types\/page"}],"author":[{"embeddable":true,"href":"https:\/\/www.vadasthermal.sk\/pl\/wp-json\/wp\/v2\/users\/2"}],"replies":[{"embeddable":true,"href":"https:\/\/www.vadasthermal.sk\/pl\/wp-json\/wp\/v2\/comments?post=12757"}],"version-history":[{"count":1,"href":"https:\/\/www.vadasthermal.sk\/pl\/wp-json\/wp\/v2\/pages\/12757\/revisions"}],"predecessor-version":[{"id":12761,"href":"https:\/\/www.vadasthermal.sk\/pl\/wp-json\/wp\/v2\/pages\/12757\/revisions\/12761"}],"up":[{"embeddable":true,"href":"https:\/\/www.vadasthermal.sk\/pl\/wp-json\/wp\/v2\/pages\/13195"}],"wp:featuredmedia":[{"embeddable":true,"href":"https:\/\/www.vadasthermal.sk\/pl\/wp-json\/wp\/v2\/media\/12759"}],"wp:attachment":[{"href":"https:\/\/www.vadasthermal.sk\/pl\/wp-json\/wp\/v2\/media?parent=12757"}],"wp:term":[{"taxonomy":"post_tag","embeddable":true,"href":"https:\/\/www.vadasthermal.sk\/pl\/wp-json\/wp\/v2\/tags?post=12757"}],"curies":[{"name":"wp","href":"https:\/\/api.w.org\/{rel}","templated":true}]}}