
{"id":12767,"date":"2018-10-19T11:56:42","date_gmt":"2018-10-19T11:56:42","guid":{"rendered":"https:\/\/www.vadasthermal.sk\/otvaracia-doba\/"},"modified":"2026-01-20T15:00:41","modified_gmt":"2026-01-20T14:00:41","slug":"godziny-otwaracia","status":"publish","type":"page","link":"https:\/\/www.vadasthermal.sk\/pl\/aquapark-vadas_thermal-sturovo\/godziny-otwaracia\/","title":{"rendered":"Godziny otwarcia"},"content":{"rendered":"<table style=\"width: 100%;\">\n<tbody>\n<tr style=\"background-color: #008ba1;\">\n<td colspan=\"2\">\n<h3><span style=\"color: #ffffff;\"> Kryta p\u0142ywalnia<\/span><\/h3>\n<\/td>\n<\/tr>\n<tr>\n<td colspan=\"2\">\n<h4 style=\"text-align: justify;\"><span style=\"color: #008ba1;\"><strong>22 wrze\u015bnia 2025 r. &#8211; 30 kwietnia 2026 r<\/strong><\/span><\/h4>\n<\/td>\n<\/tr>\n<tr style=\"background-color: #e6e6e6;\">\n<td style=\"width: 60%;\">Poniedzia\u0142ek &#8211; pi\u0105tek<\/td>\n<td>\u00a012:00 &#8211; 21:00<\/td>\n<\/tr>\n<tr>\n<td>Sobota, Niedziela<\/td>\n<td>\u00a010:00 &#8211; 21:00<\/td>\n<\/tr>\n<tr>\n<td colspan=\"2\">Informujemy mi\u0142ych go\u015bci, \u017ce od poniedzia\u0142ku do czwartku w basenie p\u0142ywackim odbywaj\u0105 si\u0119 treningi dru\u017cyn p\u0142ywackich. Podczas trening\u00f3w w basenie s\u0105 wolne tory dla go\u015bci. Treningi dru\u017cyn p\u0142ywackich:<\/p>\n<ul>\n<li>Poniedzia\u0142ek: 14:00-15:00 a 17:00-19:00<\/li>\n<li>Wtorek 15:00-18:15<\/li>\n<li>\u015aroda 15:00-18:15<\/li>\n<li>Czwartek 15:00-18:15<br \/>\n<hr \/>\n<\/li>\n<\/ul>\n<p><strong>Poranne p\u0142ywanie: codziennie (z wyj\u0105tkiem poniedzia\u0142ku) w godz. 5.40 \u2013 8.30 (wst\u0119p tylko z biletem okresowym). Podczas porannego p\u0142ywania odbywaj\u0105 si\u0119 treningi dru\u017cyn p\u0142ywackich wed\u0142ug nast\u0119puj\u0105cego harmonogramu:<\/strong><\/p>\n<ul>\n<li>Wtorek 6:15 \u2013 7:15<\/li>\n<li>\u015aroda 6:15 \u2013 7:15<\/li>\n<li>Czwartek 6:15 \u2013 8:15<\/li>\n<li>Pi\u0105tek 6:15 \u2013 7:15<\/li>\n<li>Sobota 7:15 \u2013 8:15<\/li>\n<\/ul>\n<p>Podczas trening\u00f3w w basenie s\u0105 wolne tory dla go\u015bci.<br \/>\nDzi\u0119kujemy za wyrozumia\u0142o\u015b\u0107!<\/td>\n<\/tr>\n<tr style=\"background-color: #e6e6e6;\">\n<td colspan=\"2\">\n<h4 style=\"text-align: justify;\"><span style=\"color: #008ba1;\"><strong>1 maja &#8211; 20 wrze\u015bnia: zamkni\u0119te<\/strong><\/span><\/h4>\n<\/td>\n<\/tr>\n<\/tbody>\n<\/table>\n<p><strong>W okresie, gdy kryta p\u0142ywalnia jest zamkni\u0119ta, poranne p\u0142ywanie odbywa si\u0119 w zewn\u0119trznym basenie p\u0142ywackim (wst\u0119p jest mo\u017cliwy tylko z wa\u017cnym biletem zakupionym w recepcji hotelu Thermal).<\/strong><\/p>\n<p><center><\/center><\/p>\n<table style=\"width: 100%;\">\n<tbody>\n<tr style=\"background-color: #008ba1;\">\n<td colspan=\"2\">\n<h3><span style=\"color: #ffffff;\">Wellness centrum hotelu Thermal*** &#8211; otwarte ca\u0142y rok<\/span><\/h3>\n<\/td>\n<\/tr>\n<tr>\n<td colspan=\"2\">\n<h4 style=\"text-align: justify;\"><span style=\"color: #008ba1;\"><strong>dla go\u015bci hotelowych<\/strong><\/span><\/h4>\n<\/td>\n<\/tr>\n<tr style=\"background-color: #e6e6e6;\">\n<td style=\"width: 60%;\">Poniedzia\u0142ek<\/td>\n<td>12:00 &#8211; 21:00<\/td>\n<\/tr>\n<tr>\n<td style=\"width: 60%;\">Wtorek &#8211; Niedziela<\/td>\n<td>10:00 &#8211; 21:00<\/td>\n<\/tr>\n<tr>\n<td colspan=\"2\">\n<h4 style=\"text-align: justify;\"><span style=\"color: #008ba1;\"><strong>dla go\u015bci z zewn\u0105trz<\/strong><\/span><\/h4>\n<\/td>\n<\/tr>\n<tr style=\"background-color: #e6e6e6;\">\n<td style=\"width: 60%;\">Poniedzia\u0142ek &#8211; Niedziela<\/td>\n<td>12:00 &#8211; 21:00<\/td>\n<\/tr>\n<tr>\n<td colspan=\"2\">W terminie od 1 czerwca do 31 sierpnia saunowy \u015bwiat jest zamkni\u0119ty.<\/td>\n<\/tr>\n<\/tbody>\n<\/table>\n<hr \/>\n<table style=\"width: 100%;\">\n<tbody>\n<tr style=\"background-color: #008ba1;\">\n<td colspan=\"2\">\n<h3><span style=\"color: #ffffff;\"> Vada\u0161 Thermal Resort &#8211; obszar basenowy<\/span><\/h3>\n<\/td>\n<\/tr>\n<tr>\n<td style=\"width: 60%;\">1.5.-31.5.2026<\/td>\n<td>10:00 &#8211; 18:00<\/td>\n<\/tr>\n<tr style=\"background-color: #e6e6e6;\">\n<td style=\"width: 60%;\">1.6.-16.8.2026<\/td>\n<td>09:00 &#8211; 20:00<\/td>\n<\/tr>\n<tr>\n<td style=\"width: 60%;\">17.8.-31.8.2026<\/td>\n<td>09:00 &#8211; 19:30<\/td>\n<\/tr>\n<tr style=\"background-color: #e6e6e6;\">\n<td style=\"width: 60%;\">1.-21.9.2026<\/td>\n<td>10:00 &#8211; 18:00<\/td>\n<\/tr>\n<\/tbody>\n<\/table>\n<ul>\n<li><strong>Vada\u0161 Thermal Resort jest otwarty w sezonie codziennie, r\u00f3wnie\u017c w dni \u015bwi\u0105teczne.<\/strong><\/li>\n<li><strong>Pla\u017ca dla nudyst\u00f3w jest otwarta od 1 czerwca do 31 sierpnia, codziennie w godzinach 09.00 \u2013 19.30.<\/strong><\/li>\n<li><strong>Zje\u017cd\u017calnie sa otwarte od 1 czerwca do 31 sierpnia, codziennie w godzinach 10.30 \u2013 19.00.<\/strong><\/li>\n<li>Poranne p\u0142ywanie \u2013 od 1 maja do 22 wrze\u015bnia w zewn\u0119trznym basenie p\u0142ywackim. Poza tym terminem &#8211; w krytej p\u0142ywalni.<\/li>\n<li>W dni robocze, w godz. od 15.00 do 19.00 w p\u0142ywackim basenie mog\u0105 odbywa\u0107 si\u0119 treningi sekcji p\u0142ywania na czterech torach p\u0142ywackich.<\/li>\n<li>Zastrzegamy sobie prawo do wypuszczania wody z basenu p\u0142ywackiego i basenu Gwiazda po godz. 17.00.<\/li>\n<li><strong>Terminy zawod\u00f3w p\u0142ywackich w roku 2026: 9. maja (1 dzie\u0144), 19-21.6. (3 dni) i 29 sierpnia (1 dzie\u0144). Podczas zawod\u00f3w basen p\u0142ywacki jest niedost\u0119pny dla go\u015bci.<\/strong><\/li>\n<\/ul>\n<p>Dzi\u0119kujemy za wyrozumia\u0142o\u015b\u0107!<\/p>\n<hr \/>\n<table style=\"width: 100%;\">\n<tbody>\n<tr style=\"background-color: #008ba1;\">\n<td colspan=\"2\">\n<h3><span style=\"color: #ffffff;\"> Termalne k\u0105pielisko II \u2013 1.7.-30.8.<\/span><\/h3>\n<\/td>\n<\/tr>\n<tr>\n<td style=\"width: 60%;\">Poniedzia\u0142ek<\/td>\n<td>\u00a0zatvoren\u00e9<\/td>\n<\/tr>\n<tr style=\"background-color: #e6e6e6;\">\n<td style=\"width: 60%;\">Wtorek &#8211; Niedziela<\/td>\n<td>\u00a009:00 &#8211; 19:00<\/td>\n<\/tr>\n<tr>\n<td style=\"width: 60%;\"><\/td>\n<td><\/td>\n<\/tr>\n<\/tbody>\n<\/table>\n<hr \/>\n<p>Zastrzegamy sobie prawo do zmiany godzin otwarcia.<\/p>\n","protected":false},"excerpt":{"rendered":"<p>Godziny otwarcia strefy basenowej, krytego basenu, Zje\u017cd\u017calnie, pla\u017cy nudyst\u00f3w i centrum wellness w Vada\u0161 Thermal Resort w \u0160t\u00farovie.<\/p>\n","protected":false},"author":1,"featured_media":12768,"parent":13206,"menu_order":0,"comment_status":"closed","ping_status":"closed","template":"","meta":{"footnotes":""},"tags":[],"class_list":["post-12767","page","type-page","status-publish","has-post-thumbnail","hentry"],"_links":{"self":[{"href":"https:\/\/www.vadasthermal.sk\/pl\/wp-json\/wp\/v2\/pages\/12767","targetHints":{"allow":["GET"]}}],"collection":[{"href":"https:\/\/www.vadasthermal.sk\/pl\/wp-json\/wp\/v2\/pages"}],"about":[{"href":"https:\/\/www.vadasthermal.sk\/pl\/wp-json\/wp\/v2\/types\/page"}],"author":[{"embeddable":true,"href":"https:\/\/www.vadasthermal.sk\/pl\/wp-json\/wp\/v2\/users\/1"}],"replies":[{"embeddable":true,"href":"https:\/\/www.vadasthermal.sk\/pl\/wp-json\/wp\/v2\/comments?post=12767"}],"version-history":[{"count":3,"href":"https:\/\/www.vadasthermal.sk\/pl\/wp-json\/wp\/v2\/pages\/12767\/revisions"}],"predecessor-version":[{"id":17127,"href":"https:\/\/www.vadasthermal.sk\/pl\/wp-json\/wp\/v2\/pages\/12767\/revisions\/17127"}],"up":[{"embeddable":true,"href":"https:\/\/www.vadasthermal.sk\/pl\/wp-json\/wp\/v2\/pages\/13206"}],"wp:featuredmedia":[{"embeddable":true,"href":"https:\/\/www.vadasthermal.sk\/pl\/wp-json\/wp\/v2\/media\/12768"}],"wp:attachment":[{"href":"https:\/\/www.vadasthermal.sk\/pl\/wp-json\/wp\/v2\/media?parent=12767"}],"wp:term":[{"taxonomy":"post_tag","embeddable":true,"href":"https:\/\/www.vadasthermal.sk\/pl\/wp-json\/wp\/v2\/tags?post=12767"}],"curies":[{"name":"wp","href":"https:\/\/api.w.org\/{rel}","templated":true}]}}