
{"id":12900,"date":"2018-10-11T11:01:18","date_gmt":"2018-10-11T11:01:18","guid":{"rendered":"https:\/\/www.vadasthermal.sk\/ubytovanie\/"},"modified":"2024-12-11T10:29:32","modified_gmt":"2024-12-11T09:29:32","slug":"zakwaterowanie","status":"publish","type":"page","link":"https:\/\/www.vadasthermal.sk\/pl\/zakwaterowanie\/","title":{"rendered":"Zakwaterowanie"},"content":{"rendered":"<p>Oferujemy zakwaterowanie bezpo\u015brednio na terenie k\u0105pieliska termalnego, od apartament\u00f3w, przez kwatery po autocamping.<\/p>\n","protected":false},"excerpt":{"rendered":"<p>Oferujemy zakwaterowanie bezpo\u015brednio na terenie k\u0105pieliska termalnego, od apartament\u00f3w, przez kwatery po autocamping.<\/p>\n","protected":false},"author":1,"featured_media":0,"parent":0,"menu_order":0,"comment_status":"closed","ping_status":"closed","template":"list-accomodation.php","meta":{"footnotes":""},"tags":[],"class_list":["post-12900","page","type-page","status-publish","hentry"],"_links":{"self":[{"href":"https:\/\/www.vadasthermal.sk\/pl\/wp-json\/wp\/v2\/pages\/12900","targetHints":{"allow":["GET"]}}],"collection":[{"href":"https:\/\/www.vadasthermal.sk\/pl\/wp-json\/wp\/v2\/pages"}],"about":[{"href":"https:\/\/www.vadasthermal.sk\/pl\/wp-json\/wp\/v2\/types\/page"}],"author":[{"embeddable":true,"href":"https:\/\/www.vadasthermal.sk\/pl\/wp-json\/wp\/v2\/users\/1"}],"replies":[{"embeddable":true,"href":"https:\/\/www.vadasthermal.sk\/pl\/wp-json\/wp\/v2\/comments?post=12900"}],"version-history":[{"count":1,"href":"https:\/\/www.vadasthermal.sk\/pl\/wp-json\/wp\/v2\/pages\/12900\/revisions"}],"predecessor-version":[{"id":12901,"href":"https:\/\/www.vadasthermal.sk\/pl\/wp-json\/wp\/v2\/pages\/12900\/revisions\/12901"}],"wp:attachment":[{"href":"https:\/\/www.vadasthermal.sk\/pl\/wp-json\/wp\/v2\/media?parent=12900"}],"wp:term":[{"taxonomy":"post_tag","embeddable":true,"href":"https:\/\/www.vadasthermal.sk\/pl\/wp-json\/wp\/v2\/tags?post=12900"}],"curies":[{"name":"wp","href":"https:\/\/api.w.org\/{rel}","templated":true}]}}