
{"id":13195,"date":"2018-10-09T11:48:01","date_gmt":"2018-10-09T11:48:01","guid":{"rendered":"https:\/\/www.vadasthermal.sk\/thermal-wellnesshotel\/"},"modified":"2025-01-14T07:58:56","modified_gmt":"2025-01-14T06:58:56","slug":"thermal-wellnesshotel","status":"publish","type":"page","link":"https:\/\/www.vadasthermal.sk\/pl\/thermal-wellnesshotel\/","title":{"rendered":"Wellness hotel Thermal***"},"content":{"rendered":"<p><strong>Wellness hotel Thermal*** oferuje 47 pokoi, 2 sale konferencyjne, restauracj\u0119, wellness centrum, sal\u0119 zabaw dla dzieci oraz taras widokowy. W ka\u017cdym pokoju jest \u0142azienka, telefon, telewizor LCD, lod\u00f3wka, ma\u0142y sejf, klimatyzacja, dost\u0119p do Internetu poprzez WiFi. \u015aniadania i obiadokolacje serwowane s\u0105 w restauracji Thermal. Dzieci do lat 3 (b\u0119d\u0105ce pod opiek\u0105 innych p\u0142ac\u0105cych os\u00f3b) maj\u0105 pobyt i wy\u017cywienie za darmo.<\/strong><\/p>\n<p><strong>Dobroczynne relaksacyjne w\u0142a\u015bciwo\u015bci wody termalnej, wn\u0119trze inspirowane przyrod\u0105 i ekskluzywny widok na ostrihomsk\u0105 bazylik\u0119 \u2013 to wszystko znajdziecie w wellness centrum hotelu Thermal***,<\/strong> kt\u00f3re czeka na swoich go\u015bci przez ca\u0142y rok! Do centrum wiedzie bezpo\u015brednie przej\u015bcie z hotelu, wi\u0119c go\u015bcie mog\u0105 przej\u015b\u0107 tam nawet w szlafroku i cieszy\u0107 si\u0119 wyj\u0105tkowymi w\u0142a\u015bciwo\u015bciami wody termalnej.Podczas pobytu w wellness hotelu Thermal***, nie mo\u017cecie przegapi\u0107 widoku z tarasu hotelu, z kt\u00f3rego rozpo\u015bciera si\u0119 wyj\u0105tkowa panorama nie tylko k\u0105pieliska, ale te\u017c miasta \u0160t\u00farovo oraz unikalnej bazyliki w Ostrihome.<br \/><br \/><strong>W hotelu my\u015blimy te\u017c o tych najmniejszych.<\/strong>\u00a0Z bezp\u0142atnej sali zabaw dla dzieci na pierwszym pi\u0119trze hotelu, mo\u017cna korzysta\u0107 kiedykolwiek, podobnie jak i z konsoli do gier X-Box przy sali. W recepcji jest mo\u017cliwo\u015b\u0107 wypo\u017cyczenia gier planszowych itp. W restauracji s\u0105 do dyspozycji krzese\u0142ka dla dzieci, w pokojach oferujemy bezp\u0142atnie \u0142\u00f3\u017ceczka dzieci\u0119ce.<br \/><br \/>Darmowy parking znajduje si\u0119 przed hotelem, parking strze\u017cony za budow\u0105 hotelu jest p\u0142atny.<br \/><br \/>Klimatyzowana sala konferencyjna dla max. 80 os\u00f3b znajduje si\u0119 na drugim pi\u0119trze, mniejsza sala dla max. 30 os\u00f3b \u2013 na pierwszym.<br \/><br \/><strong>\u017byczymy udanego pobytu!<\/strong><\/p>\n\n\n<p><\/p>\n\n\n\n<figure class=\"wp-block-gallery has-nested-images columns-4 is-cropped wp-block-gallery-1 is-layout-flex wp-block-gallery-is-layout-flex\">\n<figure class=\"wp-block-image size-large is-style-rounded\"><img loading=\"lazy\" decoding=\"async\" width=\"1024\" height=\"682\" data-id=\"2848\" src=\"https:\/\/www.vadasthermal.sk\/wp-content\/uploads\/2018\/10\/hotel_thermal4-1024x682.jpg\" alt=\"\" class=\"wp-image-2848\" srcset=\"https:\/\/www.vadasthermal.sk\/wp-content\/uploads\/2018\/10\/hotel_thermal4-1024x682.jpg 1024w, https:\/\/www.vadasthermal.sk\/wp-content\/uploads\/2018\/10\/hotel_thermal4-300x200.jpg 300w, https:\/\/www.vadasthermal.sk\/wp-content\/uploads\/2018\/10\/hotel_thermal4-768x511.jpg 768w, https:\/\/www.vadasthermal.sk\/wp-content\/uploads\/2018\/10\/hotel_thermal4-826x550.jpg 826w, https:\/\/www.vadasthermal.sk\/wp-content\/uploads\/2018\/10\/hotel_thermal4.jpg 1600w\" sizes=\"auto, (max-width: 1024px) 100vw, 1024px\" \/><\/figure>\n\n\n\n<figure class=\"wp-block-image size-large is-style-rounded\"><img loading=\"lazy\" decoding=\"async\" width=\"1024\" height=\"681\" data-id=\"9070\" src=\"https:\/\/www.vadasthermal.sk\/wp-content\/uploads\/Restauracia_Thermal_5-1-1024x681.jpg\" alt=\"\" class=\"wp-image-9070\" srcset=\"https:\/\/www.vadasthermal.sk\/wp-content\/uploads\/Restauracia_Thermal_5-1-1024x681.jpg 1024w, https:\/\/www.vadasthermal.sk\/wp-content\/uploads\/Restauracia_Thermal_5-1-300x200.jpg 300w, https:\/\/www.vadasthermal.sk\/wp-content\/uploads\/Restauracia_Thermal_5-1-768x511.jpg 768w, https:\/\/www.vadasthermal.sk\/wp-content\/uploads\/Restauracia_Thermal_5-1-1536x1022.jpg 1536w, https:\/\/www.vadasthermal.sk\/wp-content\/uploads\/Restauracia_Thermal_5-1-826x550.jpg 826w, https:\/\/www.vadasthermal.sk\/wp-content\/uploads\/Restauracia_Thermal_5-1-1623x1080.jpg 1623w, https:\/\/www.vadasthermal.sk\/wp-content\/uploads\/Restauracia_Thermal_5-1.jpg 2000w\" sizes=\"auto, (max-width: 1024px) 100vw, 1024px\" \/><\/figure>\n\n\n\n<figure class=\"wp-block-image size-large is-style-rounded\"><img loading=\"lazy\" decoding=\"async\" width=\"1024\" height=\"683\" data-id=\"10406\" src=\"https:\/\/www.vadasthermal.sk\/wp-content\/uploads\/H4A9011-1024x683.jpg\" alt=\"\" class=\"wp-image-10406\" srcset=\"https:\/\/www.vadasthermal.sk\/wp-content\/uploads\/H4A9011-1024x683.jpg 1024w, https:\/\/www.vadasthermal.sk\/wp-content\/uploads\/H4A9011-300x200.jpg 300w, https:\/\/www.vadasthermal.sk\/wp-content\/uploads\/H4A9011-768x512.jpg 768w, https:\/\/www.vadasthermal.sk\/wp-content\/uploads\/H4A9011-1536x1024.jpg 1536w, https:\/\/www.vadasthermal.sk\/wp-content\/uploads\/H4A9011-2048x1365.jpg 2048w, https:\/\/www.vadasthermal.sk\/wp-content\/uploads\/H4A9011-825x550.jpg 825w, https:\/\/www.vadasthermal.sk\/wp-content\/uploads\/H4A9011-1620x1080.jpg 1620w\" sizes=\"auto, (max-width: 1024px) 100vw, 1024px\" \/><\/figure>\n\n\n\n<figure class=\"wp-block-image size-large is-style-rounded\"><img loading=\"lazy\" decoding=\"async\" width=\"1024\" height=\"576\" data-id=\"9061\" src=\"https:\/\/www.vadasthermal.sk\/wp-content\/uploads\/Restauracia_Thermal_2-1-1024x576.jpg\" alt=\"\" class=\"wp-image-9061\" srcset=\"https:\/\/www.vadasthermal.sk\/wp-content\/uploads\/Restauracia_Thermal_2-1-1024x576.jpg 1024w, https:\/\/www.vadasthermal.sk\/wp-content\/uploads\/Restauracia_Thermal_2-1-300x169.jpg 300w, https:\/\/www.vadasthermal.sk\/wp-content\/uploads\/Restauracia_Thermal_2-1-768x432.jpg 768w, https:\/\/www.vadasthermal.sk\/wp-content\/uploads\/Restauracia_Thermal_2-1-1536x864.jpg 1536w, https:\/\/www.vadasthermal.sk\/wp-content\/uploads\/Restauracia_Thermal_2-1-978x550.jpg 978w, https:\/\/www.vadasthermal.sk\/wp-content\/uploads\/Restauracia_Thermal_2-1-1920x1080.jpg 1920w, https:\/\/www.vadasthermal.sk\/wp-content\/uploads\/Restauracia_Thermal_2-1.jpg 2000w\" sizes=\"auto, (max-width: 1024px) 100vw, 1024px\" \/><\/figure>\n<\/figure>\n\n\n<p><!-- \/wp:gallery --><\/p>\n<p><!-- wp:paragraph --><\/p>\n<p><!-- \/wp:paragraph --><\/p>\n<p><strong>Cena pobytu obejmuje:<\/strong><\/p>\n<ul>\n<li>nocleg<\/li>\n<li>\u015bniadanie w formie szwedzkich sto\u0142\u00f3w<\/li>\n<li>wst\u0119p do zewn\u0119trznych basen\u00f3w termalnych Vada\u0161 Thermal Resort (podczas godzin otwarcia k\u0105pieliska)<\/li>\n<li>wst\u0119p do wellness centrum (baseny, saunowy \u015bwiat, prysznice). Saunowy \u015bwiat jest nieczynny od 1 czerwca do 31 sierpnia<\/li>\n<li>wst\u0119p do krytych basen\u00f3w ({podczas ich otwarcia}, basen p\u0142ywacki, basen dla dzieci, zewn\u0119trzny basen do siedzenia, dwie sauny)<\/li>\n<li>poranne p\u0142ywanie<\/li>\n<li>nocne k\u0105panie (od 1 lipca do 31 sierpnia w poniedzia\u0142ki i pi\u0105tki)<\/li>\n<li>dwa le\u017caki z parasolami na ka\u017cdy pok\u00f3j\/apartament (podczas godzin otwarcia k\u0105pieliska, wy\u0142\u0105czaj\u0105c dzie\u0144 przyjazdu)<\/li>\n<li>wst\u0119p na zje\u017cd\u017calnie (od czerwca do ko\u0144ca sierpnia)<\/li>\n<li>wst\u0119p do sali zabaw dla dzieci i do kuchni<\/li>\n<li>WiFi w pokoju i na terenie resortu<\/li>\n<li>multifunkcyjne boiska sportowe (pi\u0142karskie ze sztuczn\u0105 traw\u0105, boisko do badmintona, korty tenisowe, kosze streetballowe)<\/li>\n<li>wst\u0119p do fitness centrum FitHaus<\/li>\n<li>gry X-Box (obok sali zabaw dla dzieci)<\/li>\n<li>nieograniczone \u0142adowanie samochod\u00f3w elektrycznych.ubytovanie<\/li>\n<\/ul>\n<p>Dla os\u00f3b powy\u017cej 18 lat oferujemy szlafroki w pokojach. (Wymiana szlafrok\u00f3w podczas pobytu jest mo\u017cliwa za op\u0142at\u0105 5 \u20ac \/ szlafrok).<br \/><br \/>W recepcji i w restauracji Thermal (w tym na tarasie) przyjmujemy p\u0142atno\u015b\u0107 kartami: VISA, Maestro, Mastercard, V-Pay, czeki od: UP Slovensko, Edenred (Ticket Service, s.r.o.), VA\u0160A Slovensko s.r.o., DOXX \u2013 Stravn\u00e9 listky s.r.o. (karty \u017cywno\u015bciowe) oraz talony na pobyty \u2013 karty GGFS s.r.o. (Callio) i Benefit Plus<\/p>\n<div class=\"row\">\n<p>\u00a0<\/p>\n<p><!-- wp:html --><\/p>\n<\/div>\n<p><!-- \/wp:html --><\/p>","protected":false},"excerpt":{"rendered":"<p>Wellness hotel Thermal*** oferuje 47 pokoi, 2 sale konferencyjne, restauracj\u0119, wellness centrum, sal\u0119 zabaw dla dzieci oraz taras widokowy. W ka\u017cdym pokoju jest \u0142azienka, telefon, telewizor LCD, lod\u00f3wka, ma\u0142y sejf, klimatyzacja, dost\u0119p do Internetu poprzez WiFi. <\/p>\n","protected":false},"author":1,"featured_media":13197,"parent":0,"menu_order":0,"comment_status":"closed","ping_status":"closed","template":"hotel.php","meta":{"footnotes":""},"tags":[],"class_list":["post-13195","page","type-page","status-publish","has-post-thumbnail","hentry"],"_links":{"self":[{"href":"https:\/\/www.vadasthermal.sk\/pl\/wp-json\/wp\/v2\/pages\/13195","targetHints":{"allow":["GET"]}}],"collection":[{"href":"https:\/\/www.vadasthermal.sk\/pl\/wp-json\/wp\/v2\/pages"}],"about":[{"href":"https:\/\/www.vadasthermal.sk\/pl\/wp-json\/wp\/v2\/types\/page"}],"author":[{"embeddable":true,"href":"https:\/\/www.vadasthermal.sk\/pl\/wp-json\/wp\/v2\/users\/1"}],"replies":[{"embeddable":true,"href":"https:\/\/www.vadasthermal.sk\/pl\/wp-json\/wp\/v2\/comments?post=13195"}],"version-history":[{"count":2,"href":"https:\/\/www.vadasthermal.sk\/pl\/wp-json\/wp\/v2\/pages\/13195\/revisions"}],"predecessor-version":[{"id":13254,"href":"https:\/\/www.vadasthermal.sk\/pl\/wp-json\/wp\/v2\/pages\/13195\/revisions\/13254"}],"wp:featuredmedia":[{"embeddable":true,"href":"https:\/\/www.vadasthermal.sk\/pl\/wp-json\/wp\/v2\/media\/13197"}],"wp:attachment":[{"href":"https:\/\/www.vadasthermal.sk\/pl\/wp-json\/wp\/v2\/media?parent=13195"}],"wp:term":[{"taxonomy":"post_tag","embeddable":true,"href":"https:\/\/www.vadasthermal.sk\/pl\/wp-json\/wp\/v2\/tags?post=13195"}],"curies":[{"name":"wp","href":"https:\/\/api.w.org\/{rel}","templated":true}]}}