
{"id":13674,"date":"2018-10-23T13:15:27","date_gmt":"2018-10-23T13:15:27","guid":{"rendered":"https:\/\/www.vadasthermal.sk\/kontakty\/"},"modified":"2025-11-27T12:55:54","modified_gmt":"2025-11-27T11:55:54","slug":"kontakt","status":"publish","type":"page","link":"https:\/\/www.vadasthermal.sk\/pl\/kontakt\/","title":{"rendered":"Kontakt"},"content":{"rendered":"<table style=\"margin-right: auto; margin-left: auto; ; width: 100%;\">\n<tbody>\n<tr>\n<td style=\"background-color: #008ba1;\" colspan=\"3\"><span style=\"color: #ffffff;\">Informacje og\u00f3lne<\/span><\/td>\n<\/tr>\n<tr>\n<td>Dok\u0142adna nazwa i adres firmy<\/td>\n<td>REGON: 34136215<\/td>\n<td>W\u0142a\u015bciciel firmy:<\/td>\n<\/tr>\n<tr style=\"background-color: #e6e6e6;\">\n<td>VADA\u0160 s.r.o., Pri Vada\u0161i 2, 943 01 \u0160t\u00farovo<\/td>\n<td>NIP: SK2020416068<\/td>\n<td>Ing. Hogenbuch Endre<\/td>\n<\/tr>\n<tr>\n<td colspan=\"3\">GPS: 47.80015, 18.71988, 47\u00b048&#8217;0&#8243;N, 18\u00b043&#8217;11&#8243;E<\/td>\n<\/tr>\n<\/tbody>\n<\/table>\n<h4 class=\"\" style=\"text-align: center;\"><\/h4>\n<table style=\"width: 100%;\">\n<tbody>\n<tr style=\"background-color: #ffffff;\">\n<td style=\"background-color: #008ba1;\" colspan=\"3\"><span style=\"color: #ffffff;\">Rezerwacja pobytu<\/span><\/td>\n<\/tr>\n<tr>\n<td style=\"text-align: center; vertical-align: middle;\">\n<p style=\"text-align: left;\"><strong>Dzia\u0142 rezerwacji (dla wszystkich miejsc noclegowych)<\/strong><\/p>\n<\/td>\n<td style=\"text-align: center; vertical-align: middle;\">+421367560111<\/td>\n<td style=\"vertical-align: middle; text-align: justify;\"><strong>\u00a0<a href=\"mailto:rezervacia@vadas.sk\">rezervacia@vadas.sk<\/a><\/strong><\/td>\n<\/tr>\n<tr>\n<td style=\"background-color: #008ba1; vertical-align: middle;\" colspan=\"3\"><span style=\"color: #ffffff;\">Recepcje kwater noclegowych<\/span><\/td>\n<\/tr>\n<tr>\n<td style=\"text-align: left;\">Wellness hotel Thermal (caloroczny)<\/td>\n<td style=\"text-align: center;\">+421367560101<\/td>\n<td>\u00a0<a href=\"mailto:hotel@vadas.sk\">hotel@vadas.sk<\/a><\/td>\n<\/tr>\n<tr style=\"background-color: #e6e6e6;\">\n<td style=\"text-align: justify;\">Studia, apartamenty, pensjonat, auto camping (od maja do ko\u0144ca wrze\u015bnia)<\/td>\n<td style=\"text-align: center;\">+421367560122<\/td>\n<td>\u00a0<a href=\"mailto:recepcia@vadas.sk\">recepcia@vadas.sk<\/a><\/td>\n<\/tr>\n<tr>\n<td style=\"background-color: #008ba1;\" colspan=\"3\"><span style=\"color: #ffffff;\">Kasy<\/span><\/td>\n<\/tr>\n<tr>\n<td style=\"text-align: center;\">\n<p style=\"text-align: left;\">Kryta p\u0142ywalnia<\/p>\n<\/td>\n<td style=\"text-align: center;\">+421367560135<\/td>\n<td>\u00a0<a href=\"mailto:info@vadas.sk\">info@vadas.sk<\/a><\/td>\n<\/tr>\n<tr style=\"background-color: #e6e6e6;\">\n<td style=\"text-align: center;\">\n<p style=\"text-align: left;\">Kasa g\u0142\u00f3wna<\/p>\n<\/td>\n<td style=\"text-align: center;\">+421367560230<\/td>\n<td>\u00a0<a href=\"mailto:info@vadas.sk\">info@vadas.sk<\/a><\/td>\n<\/tr>\n<tr>\n<td>\n<p style=\"text-align: left;\">Wellness centrum<\/p>\n<\/td>\n<td style=\"text-align: center;\">+421367560142<\/td>\n<td><span id=\"cloakfb1338cdb5fa2fa1ded6d872f07d47c4\"><a href=\"mailto:info@vadas.sk\">\u00a0info@vadas.sk<\/a><\/span><\/td>\n<\/tr>\n<tr>\n<td style=\"background-color: #008ba1;\" colspan=\"3\"><span style=\"color: #ffffff;\">Manager dzia\u0142\u00f3w:<\/span><\/td>\n<\/tr>\n<tr>\n<td style=\"text-align: justify;\"><strong>Szalaiov\u00e1 M\u00e1ria<\/strong>, sekretariat dyrektora<\/td>\n<td style=\"text-align: center;\">+421367560115<\/td>\n<td><a href=\"mailto:sekretariat@vadas.sk\">sekretariat@vadas.sk<\/a><\/td>\n<\/tr>\n<tr style=\"background-color: #e6e6e6;\">\n<td style=\"text-align: center;\">\n<p style=\"text-align: left;\"><strong>Kil\u00e1r Milan<\/strong>, szef dzia\u0142u konserwacji i basenowego area\u0142u<\/p>\n<\/td>\n<td style=\"text-align: center;\">+421367560157<\/td>\n<td><a href=\"mailto:technik@vadas.sk\">technik@vadas.sk<\/a><\/td>\n<\/tr>\n<tr>\n<td style=\"text-align: left;\"><strong>Mgr. Rom\u00e1nyikov\u00e1 Zuzana<\/strong>, szefowa dzia\u0142u rezerwacji i us\u0142ug<\/td>\n<td style=\"text-align: center;\">+421367560125<\/td>\n<td><a href=\"mailto:ved.ubyt@vadas.sk\">ved.ubyt@vadas.sk<\/a><\/td>\n<\/tr>\n<tr style=\"background-color: #e6e6e6;\">\n<td style=\"text-align: center;\">\n<p style=\"text-align: left;\"><strong>Ing. Kajanov\u00e1 M\u00e1ria<\/strong>, Food&amp;Beverage\u00a0manager<\/p>\n<\/td>\n<td style=\"text-align: center;\">+421367560353<\/td>\n<td><a href=\"mailto:restauracia@vadas.sk\">restauracia@vadas.sk<\/a><\/td>\n<\/tr>\n<tr>\n<td style=\"text-align: center;\">\n<p style=\"text-align: left;\"><strong>N\u00e9meth L\u00edvia<\/strong>, szefowa dzia\u0142u marketingu<\/p>\n<\/td>\n<td style=\"text-align: center;\">+421367560199<\/td>\n<td><a href=\"mailto:marketing@vadas.sk\">marketing@vadas.sk<\/a><\/td>\n<\/tr>\n<tr style=\"background-color: #e6e6e6;\">\n<td style=\"text-align: center;\">\n<p style=\"text-align: left;\"><strong>Ing. Podhorsk\u00e1 Alena<\/strong>, szefowa dzia\u0142u gospodarczego i ekonomicznego<\/p>\n<\/td>\n<td style=\"text-align: center;\">+421367560110<\/td>\n<td><a href=\"mailto:ekonom@vadas.sk\">ekonom@vadas.sk<\/a><\/td>\n<\/tr>\n<tr>\n<td style=\"text-align: center;\">\n<p style=\"text-align: left;\"><strong>P\u00e1l Marek<\/strong>, szef dzia\u0142u bezpiecze\u0144stwa firmy<\/p>\n<\/td>\n<td style=\"text-align: center;\">+421367560158<\/td>\n<td><a href=\"mailto:ved.ochrany@vadas.sk\">ved.ochrany@vadas.sk<\/a><\/td>\n<\/tr>\n<\/tbody>\n<\/table>\n<p><div class=\"row map-div\"><div class=\"col-md-6\"><\/p>\n<div class=\"map-responsive\"><iframe loading=\"lazy\" style=\"border: 0;\" src=\"https:\/\/www.google.com\/maps\/embed?pb=!1m18!1m12!1m3!1d2679.9523005961832!2d18.714491215838805!3d47.80176038246867!2m3!1f0!2f0!3f0!3m2!1i1024!2i768!4f13.1!3m3!1m2!1s0x476a61c80a9e9f8d%3A0xeba4733b8ad2f16a!2sVadas+Thermal+Sturovo+Resort!5e0!3m2!1sen!2ssk!4v1540464919088\" width=\"600\" height=\"450\" frameborder=\"0\" allowfullscreen=\"allowfullscreen\"><\/iframe><\/div>\n<p><\/div><div class=\"col-md-6\"><\/p>\n<form class=\"direction-form\" action=\"https:\/\/www.google.com\/maps\" method=\"get\" target=\"mapframe\"><input id=\"saddr\" name=\"saddr\" type=\"text\" placeholder=\"Cesta od (miesto odchodu)\" \/><br \/>\n<input name=\"output\" type=\"hidden\" value=\"embed\" \/><input name=\"f\" type=\"hidden\" value=\"d\" \/><br \/>\n<input name=\"z\" type=\"hidden\" value=\"8\" \/><input id=\"daddr\" name=\"daddr\" type=\"hidden\" value=\"Pri Vada\u0161i 2584\/2 943 01 \u0160t\u00farovo\" \/><button id=\"kuld\" class=\"btn negative\" style=\"margin-top: 0;\" type=\"submit\">Pl\u00e1nova\u0165 cestu<\/button><\/form>\n<p><\/div><\/div><\/p>\n","protected":false},"excerpt":{"rendered":"<p>Informacje og\u00f3lne Dok\u0142adna nazwa i adres firmy REGON: 34136215 W\u0142a\u015bciciel firmy: VADA\u0160 s.r.o., Pri Vada\u0161i 2, 943 01 \u0160t\u00farovo NIP: SK2020416068 Ing. Hogenbuch Endre GPS: 47.80015, 18.71988, 47\u00b048&#8217;0&#8243;N, 18\u00b043&#8217;11&#8243;E Rezerwacja pobytu Dzia\u0142 rezerwacji (dla wszystkich miejsc noclegowych) +421367560111 \u00a0rezervacia@vadas.sk Recepcje kwater noclegowych Wellness hotel Thermal (caloroczny) +421367560101 \u00a0hotel@vadas.sk Studia, apartamenty, pensjonat, auto camping (od maja [&hellip;]<\/p>\n","protected":false},"author":1,"featured_media":13675,"parent":0,"menu_order":0,"comment_status":"closed","ping_status":"closed","template":"","meta":{"footnotes":""},"tags":[],"class_list":["post-13674","page","type-page","status-publish","has-post-thumbnail","hentry"],"_links":{"self":[{"href":"https:\/\/www.vadasthermal.sk\/pl\/wp-json\/wp\/v2\/pages\/13674","targetHints":{"allow":["GET"]}}],"collection":[{"href":"https:\/\/www.vadasthermal.sk\/pl\/wp-json\/wp\/v2\/pages"}],"about":[{"href":"https:\/\/www.vadasthermal.sk\/pl\/wp-json\/wp\/v2\/types\/page"}],"author":[{"embeddable":true,"href":"https:\/\/www.vadasthermal.sk\/pl\/wp-json\/wp\/v2\/users\/1"}],"replies":[{"embeddable":true,"href":"https:\/\/www.vadasthermal.sk\/pl\/wp-json\/wp\/v2\/comments?post=13674"}],"version-history":[{"count":3,"href":"https:\/\/www.vadasthermal.sk\/pl\/wp-json\/wp\/v2\/pages\/13674\/revisions"}],"predecessor-version":[{"id":16698,"href":"https:\/\/www.vadasthermal.sk\/pl\/wp-json\/wp\/v2\/pages\/13674\/revisions\/16698"}],"wp:featuredmedia":[{"embeddable":true,"href":"https:\/\/www.vadasthermal.sk\/pl\/wp-json\/wp\/v2\/media\/13675"}],"wp:attachment":[{"href":"https:\/\/www.vadasthermal.sk\/pl\/wp-json\/wp\/v2\/media?parent=13674"}],"wp:term":[{"taxonomy":"post_tag","embeddable":true,"href":"https:\/\/www.vadasthermal.sk\/pl\/wp-json\/wp\/v2\/tags?post=13674"}],"curies":[{"name":"wp","href":"https:\/\/api.w.org\/{rel}","templated":true}]}}