
{"id":13680,"date":"2025-02-03T13:18:28","date_gmt":"2025-02-03T12:18:28","guid":{"rendered":"https:\/\/www.vadasthermal.sk\/?page_id=13680"},"modified":"2025-02-03T13:18:31","modified_gmt":"2025-02-03T12:18:31","slug":"przepisy-porzadkowe","status":"publish","type":"page","link":"https:\/\/www.vadasthermal.sk\/pl\/aquapark-vadas_thermal-sturovo\/przepisy-porzadkowe\/","title":{"rendered":"PRZEPISY PORZ\u0104DKOWE"},"content":{"rendered":"\n<p><\/p>\n\n\n\n<p>\u2022 Wst\u0119p na teren k\u0105pieliska jest mo\u017cliwy przez bramk\u0119 tylko z wa\u017cnym biletem wst\u0119pu, biletem sezonowym lub kart\u0105 pobytu. Bilet z kodem kreskowym lub kodem QR albo kart\u0119 nale\u017cy przy\u0142o\u017cy\u0107 do czytnika bramki.<\/p>\n\n\n\n<p>\u2022 Bilet jednodniowy (te\u017c w przypadku u\u017cycia biletu sezonowego) umo\u017cliwia jednorazowy wst\u0119p. Je\u015bli w ci\u0105gu dnia potrzebujecie opu\u015bci\u0107 teren k\u0105pieliska i ponownie wr\u00f3ci\u0107, trzeba kupi\u0107 opask\u0119 w wypo\u017cyczalni.<\/p>\n\n\n\n<p>\u2022 Wst\u0119p na teren k\u0105pieliska mo\u017ce by\u0107 odm\u00f3wiony osobom, kt\u00f3re nie przestrzegaj\u0105 przepis\u00f3w porz\u0105dkowych, bezpiecze\u0144stwa i porz\u0105dku terenu oraz gdy ich zachowanie jest niezgodne z panuj\u0105cymi zasadami.<\/p>\n\n\n\n<p>\u2022 Go\u015bcie s\u0105 zobowi\u0105zani dotrzymywa\u0107 zasad higieny a swoim zachowaniem nie przeszkadza\u0107 innym.<\/p>\n\n\n\n<p>\u2022 Go\u015bcie s\u0105 zobowi\u0105zani s\u0142ucha\u0107 polece\u0144 ratownik\u00f3w i personelu Vada\u0161 Thermal Resort. Z k\u0105pieliska mo\u017ce by\u0107 wyproszona osoba (bez prawa do zwrotu koszt\u00f3w biletu wst\u0119pu), kt\u00f3ra mimo zwr\u00f3cenia uwagi, nie stosuje si\u0119 do zasad porz\u0105dkowych.<\/p>\n\n\n\n<p>\u2022 W przypadu z\u0142ej pogody (burza, grad, silny wiatr), dla bezpiecze\u0144stwa, nale\u017cy opu\u015bci\u0107 baseny i ich okolic\u0119.<\/p>\n\n\n\n<p>\u2022 Baseny nale\u017cy opu\u015bci\u0107 15 minut przed zamkni\u0119ciem k\u0105pieliska.<\/p>\n\n\n\n<p>\u2022 Jest zakazane wprowadza\u0107 zwierz\u0119ta na teren k\u0105pieliska.<\/p>\n\n\n\n<p>\u2022 VADA\u0160 Thermal Resort bierze odpowiedzialno\u015b\u0107 tylko za rzeczy schowane w sejfach w wypo\u017cyczalni.<\/p>\n\n\n\n<p>\u2022 Ka\u017cdy go\u015b\u0107 korzysta z basen\u00f3w i atrakcji na k\u0105pielisku na w\u0142asn\u0105 odpowiedzialno\u015b\u0107.<\/p>\n\n\n\n<p>\u2022 Na obszarze basenowym s\u0105 mokre i \u015bliskie powierzchnie, dlatego prosimy o wi\u0119ksz\u0105 ostro\u017cno\u015b\u0107. W razie wypadku VADA\u0160 Thermal Resort nie ponosi odpowiedzialno\u015bci.<\/p>\n\n\n\n<p>\u2022 Informujemy, \u017ce niekt\u00f3re le\u017caki (oznaczone) s\u0105 zarezerwowane dla go\u015bci zakwaterowanych na k\u0105pielisku. Prosimy ich nie zajmowa\u0107.<\/p>\n\n\n\n<p>\u2022 Jedzenie i picie w basenach jest zakazane!<\/p>\n\n\n\n<p>\u2022 Jest zakazane wchodzenie do basen\u00f3w pod wp\u0142ywem alkoholu lub innych \u015brodk\u00f3w odurzaj\u0105cych!<\/p>\n\n\n\n<p>\u2022 Opalanie si\u0119 bez stroju k\u0105pielowego jest dozwolone tylko na pla\u017cy dla nudyst\u00f3w.<\/p>\n\n\n\n<p>\u2022 Informujemy mi\u0142ych go\u015bci, \u017ce na terenie k\u0105pieliska oferuj\u0105 swoje s\u0142u\u017cby r\u00f3wnie\u017c osoby trzecie. Za ich jako\u015b\u0107 nie odpowiadamy.<\/p>\n\n\n\n<p>\u2022 VADA\u0160 Thermal Resort mo\u017ce wykonywa\u0107 zdj\u0119cia lub nagrania na terenie k\u0105pieliska i wykorzystywa\u0107 je do cel\u00f3w marketingowych. Przy opracowywaniu takich nagra\u0144 dbamy o zachowanie maksymalnej prywatno\u015bci os\u00f3b, kt\u00f3re si\u0119 na nich znajduj\u0105.<\/p>\n\n\n\n<p>\u2022 Niekt\u00f3re cz\u0119\u015bci k\u0105pieliska (baseny, boiska sportowe lub inne) mog\u0105 by\u0107 w niekt\u00f3rych godzinach lub dniach zarezerwowane dla konkretnych podmiot\u00f3w (szko\u0142y, organizacje sportowe itp.) .<\/p>\n\n\n\n<p>\u2022 Dla dzieci, kt\u00f3re u\u017cywaj\u0105 jeszcze pieluch, dozwolona jest k\u0105piel w specjalnych pieluchach k\u0105pielowych. W przypadku zanieczyszczenia wody w basenie, rodzic jest zobowi\u0105zany pokry\u0107 koszty czyszczenia w wysoko\u015bci 30 \u20ac.<\/p>\n\n\n\n<p>\u2022 U\u017cywanie le\u017cak\u00f3w z parasolami jest p\u0142atne, bilety mo\u017cna zakupi\u0107 w wypo\u017cyczalni.<\/p>\n\n\n\n<p>Zastrzegamy sobie prawo do wypuszczania wody z pojedynczych basen\u00f3w podczas godzin otwarcia k\u0105pieliska.<\/p>\n","protected":false},"excerpt":{"rendered":"<p>\u2022 Wst\u0119p na teren k\u0105pieliska jest mo\u017cliwy przez bramk\u0119 tylko z wa\u017cnym biletem wst\u0119pu, biletem sezonowym lub kart\u0105 pobytu. Bilet z kodem kreskowym lub kodem QR albo kart\u0119 nale\u017cy przy\u0142o\u017cy\u0107 do czytnika bramki. \u2022 Bilet jednodniowy (te\u017c w przypadku u\u017cycia biletu sezonowego) umo\u017cliwia jednorazowy wst\u0119p. Je\u015bli w ci\u0105gu dnia potrzebujecie opu\u015bci\u0107 teren k\u0105pieliska i ponownie [&hellip;]<\/p>\n","protected":false},"author":2,"featured_media":12768,"parent":13206,"menu_order":0,"comment_status":"closed","ping_status":"closed","template":"","meta":{"footnotes":""},"tags":[],"class_list":["post-13680","page","type-page","status-publish","has-post-thumbnail","hentry"],"_links":{"self":[{"href":"https:\/\/www.vadasthermal.sk\/pl\/wp-json\/wp\/v2\/pages\/13680","targetHints":{"allow":["GET"]}}],"collection":[{"href":"https:\/\/www.vadasthermal.sk\/pl\/wp-json\/wp\/v2\/pages"}],"about":[{"href":"https:\/\/www.vadasthermal.sk\/pl\/wp-json\/wp\/v2\/types\/page"}],"author":[{"embeddable":true,"href":"https:\/\/www.vadasthermal.sk\/pl\/wp-json\/wp\/v2\/users\/2"}],"replies":[{"embeddable":true,"href":"https:\/\/www.vadasthermal.sk\/pl\/wp-json\/wp\/v2\/comments?post=13680"}],"version-history":[{"count":1,"href":"https:\/\/www.vadasthermal.sk\/pl\/wp-json\/wp\/v2\/pages\/13680\/revisions"}],"predecessor-version":[{"id":13681,"href":"https:\/\/www.vadasthermal.sk\/pl\/wp-json\/wp\/v2\/pages\/13680\/revisions\/13681"}],"up":[{"embeddable":true,"href":"https:\/\/www.vadasthermal.sk\/pl\/wp-json\/wp\/v2\/pages\/13206"}],"wp:featuredmedia":[{"embeddable":true,"href":"https:\/\/www.vadasthermal.sk\/pl\/wp-json\/wp\/v2\/media\/12768"}],"wp:attachment":[{"href":"https:\/\/www.vadasthermal.sk\/pl\/wp-json\/wp\/v2\/media?parent=13680"}],"wp:term":[{"taxonomy":"post_tag","embeddable":true,"href":"https:\/\/www.vadasthermal.sk\/pl\/wp-json\/wp\/v2\/tags?post=13680"}],"curies":[{"name":"wp","href":"https:\/\/api.w.org\/{rel}","templated":true}]}}